{"id":6695,"date":"2020-08-08T11:42:55","date_gmt":"2020-08-08T11:42:55","guid":{"rendered":"https:\/\/alealudopress.com\/?page_id=6695"},"modified":"2025-12-08T20:32:45","modified_gmt":"2025-12-08T20:32:45","slug":"descargas-downloads","status":"publish","type":"page","link":"https:\/\/alealudopress.com\/index.php\/descargas-downloads\/","title":{"rendered":"Descargas \/ Downloads"},"content":{"rendered":"\t\t<div data-elementor-type=\"wp-page\" data-elementor-id=\"6695\" class=\"elementor elementor-6695\">\n\t\t\t\t<div class=\"elementor-element elementor-element-10a71373 e-flex e-con-boxed e-con e-parent\" data-id=\"10a71373\" data-element_type=\"container\">\n\t\t\t\t\t<div class=\"e-con-inner\">\n\t\t\t\t<div class=\"elementor-element elementor-element-3fa79f64 elementor-drop-cap-yes elementor-drop-cap-view-default elementor-widget elementor-widget-text-editor\" data-id=\"3fa79f64\" data-element_type=\"widget\" data-settings=\"{&quot;drop_cap&quot;:&quot;yes&quot;}\" data-widget_type=\"text-editor.default\">\n\t\t\t\t<div class=\"elementor-widget-container\">\n\t\t\t<style>\/*! elementor - v3.22.0 - 26-06-2024 *\/\n.elementor-widget-text-editor.elementor-drop-cap-view-stacked .elementor-drop-cap{background-color:#69727d;color:#fff}.elementor-widget-text-editor.elementor-drop-cap-view-framed .elementor-drop-cap{color:#69727d;border:3px solid;background-color:transparent}.elementor-widget-text-editor:not(.elementor-drop-cap-view-default) .elementor-drop-cap{margin-top:8px}.elementor-widget-text-editor:not(.elementor-drop-cap-view-default) .elementor-drop-cap-letter{width:1em;height:1em}.elementor-widget-text-editor .elementor-drop-cap{float:left;text-align:center;line-height:1;font-size:50px}.elementor-widget-text-editor .elementor-drop-cap-letter{display:inline-block}<\/style>\t\t\t\t<p><!-- wp:group {\"layout\":{\"type\":\"constrained\"}} --><\/p>\n<div class=\"wp-block-group\">\n<p><!-- wp:freeform --><\/p>\n<h3><b>Traducci\u00f3n de reglas \/ Rules translations<\/b><\/h3>\nA43 &#8211; Brunete 1937. Rules PDF file &amp; English translation. <span style=\"color: #ff9900;\"><a style=\"color: #ff9900;\" href=\"https:\/\/alealudopress.com\/wp-content\/uploads\/2025\/12\/Alea-43-Brunete-ENG.pdf\">&gt;&gt;&gt; Link<\/a><\/span><br \/>A43 &#8211; Brunete 1937. Help sheet &#8211; Tables PDF file &amp; English translation. <span style=\"color: #ff9900;\"><a style=\"color: #ff9900;\" href=\"https:\/\/alealudopress.com\/wp-content\/uploads\/2025\/12\/Charts-Brunete-A43-ENG.pdf\">&gt;&gt;&gt; Link<\/a><\/span><br \/>A42 &#8211; Chiclana-Barrosa, 1811. Rules PDF file &amp; English translation. <span style=\"color: #ff9900;\"><a style=\"color: #ff9900;\" href=\"https:\/\/alealudopress.com\/wp-content\/uploads\/2025\/05\/Chiclana-Barrosa-ENG-Alea42-1.pdf\">&gt;&gt;&gt; Link<\/a><\/span><br \/>A42 &#8211; Chiclana-Barrosa, 1811. Help sheet &#8211; Tables PDF file &amp; English translation. <span style=\"color: #ff9900;\"><a style=\"color: #ff9900;\" href=\"https:\/\/alealudopress.com\/wp-content\/uploads\/2025\/05\/HelpSheet-Chiclana-BarrosaENG.pdf\">&gt;&gt;&gt; Link<\/a><\/span><br \/>A41 &#8211; Ki\u00fcshu, 1945. Rules PDF file &amp; English translation. <span style=\"color: #ff9900;\"><a style=\"color: #ff9900;\" href=\"https:\/\/alealudopress.com\/wp-content\/uploads\/2024\/07\/Traslation-ENG-Rules-Alea41-1.pdf\">&gt;&gt;&gt; Link<\/a><\/span><br \/>A40 &#8211; Bail\u00e9n, 1808. Rules PDF file &amp; English translation. <span style=\"color: #ff9900;\"><a style=\"color: #ff9900;\" href=\"https:\/\/alealudopress.com\/wp-content\/uploads\/2024\/03\/A40-Traslation-R-2024.pdf\">&gt;&gt;&gt; Link<\/a><\/span><br \/>A40 &#8211; Bail\u00e9n, 1808. Help sheet &#8211; Tables. PDF file &amp; English translation. <span style=\"color: #ff9900;\"><a style=\"color: #ff9900;\" href=\"https:\/\/alealudopress.com\/wp-content\/uploads\/2024\/03\/Tablas-Bailen-ENG-2024.pdf\"> &gt;&gt;&gt; Link<\/a><\/span><br \/>A40 &#8211; Bail\u00e9n, 1808. PDF file &amp; \u65e5\u672c\u8a9e\u7ffb\u8a33 Japanese translation.<span style=\"color: #ff9900;\"><a style=\"color: #ff9900;\" href=\"https:\/\/alealudopress.com\/wp-content\/uploads\/2025\/05\/A40-Traslation-R-2024.pdf\"> &gt;&gt;&gt; Link <\/a><\/span><br \/>A39 &#8211; Tijvin, 1941. PDF file &amp; english translation.<span style=\"color: #ff9900;\"><a style=\"color: #ff9900;\" href=\"https:\/\/alealudopress.com\/wp-content\/uploads\/2022\/12\/Alea-39-Tijvin-1941-ENG.pdf\"> &gt;&gt;&gt; Link <\/a><\/span><br \/>A39 &#8211; Tijvin, 1941. Help sheet &#8211; Tables. PDF file &amp; english translation.<span style=\"color: #ff9900;\"><a style=\"color: #ff9900;\" href=\"https:\/\/alealudopress.com\/wp-content\/uploads\/2022\/12\/Tablas-ENG-Thikvin41.pdf\"> &gt;&gt;&gt; Link <\/a><\/span><br \/>A38 &#8211; Sagrajas, 1086. PDF file &amp; english translation.<span style=\"color: #ff9900;\"><a style=\"color: #ff9900;\" href=\"https:\/\/alealudopress.com\/wp-content\/uploads\/2022\/03\/Sagrajas1086-ENG-rules.pdf\"> &gt;&gt;&gt; Link <\/a><\/span><br \/>A38 &#8211; Sagrajas, 1086. Help sheet &#8211; Tables. PDF file &amp; english translation.<span style=\"color: #ff9900;\"><a style=\"color: #ff9900;\" href=\"https:\/\/alealudopress.com\/wp-content\/uploads\/2022\/03\/Tables-Sagrajas-A38-ENG-R.pdf\"> &gt;&gt;&gt; Link <\/a><\/span><br \/>A37 &#8211; Operaton Backbone. PDF file &amp; english translation.<span style=\"color: #ff9900;\"><a style=\"color: #ff9900;\" href=\"https:\/\/alealudopress.com\/wp-content\/uploads\/2021\/10\/Backbone-Rules-ENG.pdf\"> &gt;&gt;&gt; Link <\/a><\/span><br \/>A37 &#8211; Operation Backbone. Help sheet &#8211; Tables. PDF file &amp; english translation.<span style=\"color: #ff9900;\"><a style=\"color: #ff9900;\" href=\"https:\/\/alealudopress.com\/wp-content\/uploads\/2021\/10\/A37Backbone-Tables-AidsheetENG-scaled.jpg\"> &gt;&gt;&gt; Link <\/a><\/span><br \/>A36 &#8211; A Question of Honour, Annual 1921. PDF file &amp; english translation.<span style=\"color: #ff9900;\"><a style=\"color: #ff9900;\" href=\"https:\/\/alealudopress.com\/wp-content\/uploads\/2021\/04\/A36-CDH-rules-ENGLISH.pdf\"> &gt;&gt;&gt; Link <\/a><\/span><br \/>A36 &#8211; A Question of Honour. Help sheet &#8211; Tables &amp; Deployment. PDF file &amp; english translation.<span style=\"color: #ff9900;\"><a style=\"color: #ff9900;\" href=\"https:\/\/alealudopress.com\/wp-content\/uploads\/2021\/04\/A36-Deplytables-ENG.pdf\"> &gt;&gt;&gt; Link <\/a><\/span><br \/>A35 &#8211; Italia 44. PDF file &amp; english translation.<span style=\"color: #ff9900;\"><a style=\"color: #ff9900;\" href=\"https:\/\/alealudopress.com\/wp-content\/uploads\/2020\/10\/A35-Italia44-ENG.pdf\"> &gt;&gt;&gt; Link <\/a><\/span><br \/>A35 &#8211; Masters of the Horizon. Q &amp; A. Rules.PDF File &amp; English translation.<a style=\"color: #ff9900;\"> &gt;&gt;&gt; Link<\/a><br \/>A35 &#8211; Masters of the Horizon. Hoja de Ayuda.PNG File &amp; <a href=\"https:\/\/alealudopress.com\/wp-content\/uploads\/2021\/06\/FullAjudaAdHA35-OK-1.png\"><span style=\"color: orange;\"> &gt;&gt;&gt; Link<\/span><\/a><br \/>A34 &#8211; La reconquista. PDF file &amp; english translation.<a href=\"https:\/\/alealudopress.com\/wp-content\/uploads\/2020\/08\/A34-LARECON-ENGLISH-1.pdf\"><span style=\"color: orange;\"> &gt;&gt;&gt; Link<\/span><\/a><br \/>A33 &#8211; Kursk II. PDF file &amp; english translation.<a href=\"https:\/\/alealudopress.com\/wp-content\/uploads\/2020\/08\/A33-Kursk-II.pdf\"><span style=\"color: orange;\"> &gt;&gt;&gt; Link<\/span><\/a><br \/>A32 &#8211; DPYR. PDF file &amp; english translation.<a href=\"https:\/\/alealudopress.com\/wp-content\/uploads\/2020\/08\/A32-DPYR.pdf\"><span style=\"color: orange;\"> &gt;&gt;&gt; Link<\/span><\/a><br \/>A32 &#8211; Libertadores. PDF file &amp; english translation.<a href=\"https:\/\/alealudopress.com\/wp-content\/uploads\/2020\/08\/A32-libertadores.pdf\"><span style=\"color: orange;\"> &gt;&gt;&gt; Link<\/span><\/a><br \/>A31 &#8211; Kursk I. PDF file &amp; english translation.<a href=\"https:\/\/alealudopress.com\/wp-content\/uploads\/2020\/08\/A31-kurskrulesenglish-errata-included.pdf\"><span style=\"color: orange;\"> &gt;&gt;&gt; Link<\/span><\/a><br \/>A30 &#8211; DNPS. PDF file &amp; english translation.<a href=\"https:\/\/alealudopress.com\/wp-content\/uploads\/2020\/08\/A30-DNPS-English-Rules.pdf\"><span style=\"color: orange;\"> &gt;&gt;&gt; Link<\/span><\/a><br \/>A30 &#8211; DNPS Tables. PDF file &amp; english translation.<a href=\"https:\/\/alealudopress.com\/wp-content\/uploads\/2020\/08\/A30-DNPS-Tables-Charts.pdf\"><span style=\"color: orange;\"> &gt;&gt;&gt; Link<\/span><\/a><br \/>A29 &#8211; Nordkapp. PDF file &amp; english translation.<a href=\"https:\/\/alealudopress.com\/wp-content\/uploads\/2020\/08\/A29-Nordkapp-1.pdf\"><span style=\"color: orange;\"> &gt;&gt;&gt; Link<\/span><\/a><br \/>A28 &#8211; \u00c1frica 1859-1860. PDF file &amp; english translation.<a href=\"https:\/\/alealudopress.com\/wp-content\/uploads\/2020\/08\/A28-Rules-Africa-1859-1860.pdf\"><span style=\"color: orange;\"> &gt;&gt;&gt; Link<\/span><\/a><br \/>A28 &#8211; \u00c1frica 1859-1860 Tables. PDF file &amp; english translation.<a href=\"https:\/\/alealudopress.com\/wp-content\/uploads\/2020\/08\/A28-Africa-Tables.pdf\"><span style=\"color: orange;\"> &gt;&gt;&gt; Link<\/span><\/a><br \/>A27 &#8211; Dossier central rules. PDF file &amp; english translation.<a href=\"https:\/\/alealudopress.com\/wp-content\/uploads\/2020\/08\/A27-Dossier-central-rules.pdf\"><span style=\"color: orange;\"> &gt;&gt;&gt; Link<\/span><\/a><br \/>A26 &#8211; Bizkaia. PDF file &amp; english translation.<a href=\"https:\/\/alealudopress.com\/wp-content\/uploads\/2020\/08\/A26-rules-Bizkaia.pdf\"><span style=\"color: orange;\"> &gt;&gt;&gt; Link<\/span><\/a><br \/>A26 &#8211; Bizkaia Tables. PDF file &amp; english translation.<a href=\"https:\/\/alealudopress.com\/wp-content\/uploads\/2020\/08\/A26-CRT-Bizkaia.pdf\"><span style=\"color: orange;\"> &gt;&gt;&gt; Link<\/span><\/a><br \/>A25 &#8211; Thirty Years War Quad Scenarios. PDF file &amp; english translation.<a href=\"https:\/\/alealudopress.com\/wp-content\/uploads\/2020\/08\/A25-Thirty-Years-War-quad-Scenarios.pdf\"><span style=\"color: orange;\"> &gt;&gt;&gt; Link<\/span><\/a><br \/>A24 &#8211; Mallorca 1936 Scenario. PDF file &amp; english translation.<a href=\"https:\/\/alealudopress.com\/wp-content\/uploads\/2020\/08\/A24-Mallorca-Rules.pdf\"><span style=\"color: orange;\"> &gt;&gt;&gt; Link<\/span><\/a><br \/>A24 &#8211; Mallorca 1936 Tables. PDF file &amp; english translation.<a href=\"https:\/\/alealudopress.com\/wp-content\/uploads\/2020\/08\/A24-Mallorca-Tables-Charts.pdf\"><span style=\"color: orange;\"> &gt;&gt;&gt; Link<\/span><\/a><br \/>SW1 &#8211; SoE Series Rules 1.0. PDF file &amp; english translation.<a href=\"https:\/\/alealudopress.com\/wp-content\/uploads\/2020\/08\/SW1-SoA-Series-Rules-1.0.pdf\"><span style=\"color: orange;\"> &gt;&gt;&gt; Link<\/span><\/a><br \/>SW1 &#8211; SoE Historical Articles. PDF file &amp; english translation.<a href=\"https:\/\/alealudopress.com\/wp-content\/uploads\/2020\/08\/SW1-historical-articles.pdf\"><span style=\"color: orange;\"> &gt;&gt;&gt; Link<\/span><\/a><br \/>SoE &#8211; Series Rules 2.0. PDF file &amp; english translation.<a href=\"https:\/\/alealudopress.com\/wp-content\/uploads\/2020\/08\/SoA-rules-2.0.pdf\"><span style=\"color: orange;\"> &gt;&gt;&gt; Link<\/span><\/a><br \/>SoE &#8211; Bail\u00e9n Scenario Rules. PDF file &amp; english translation.<a href=\"https:\/\/alealudopress.com\/wp-content\/uploads\/2020\/08\/SoA-Bailen-scenario-rules.pdf\"><span style=\"color: orange;\"> &gt;&gt;&gt; Link<\/span><\/a>\n<h3>\u00a0<\/h3>\n<h3><b>Erratas planos y fichas \/ Maps &amp; counters erratas<\/b><\/h3>\n<p>A40 &#8211; Actualizaci\u00f3n dise\u00f1o uniforme unidad espa\u00f1ola\/Update design Spanish unit uniform Bail\u00e9n 1808.JPG File.<a href=\"https:\/\/alealudopress.com\/wp-content\/uploads\/2023\/12\/correcio-fitxa-A40.jpg\"><span style=\"color: orange;\"> &gt;&gt;&gt; Link<\/span><\/a><br \/>A40 &#8211; Errata ficha omitida unidad francesa\/Missing French unit.JPG File.<a href=\"https:\/\/alealudopress.com\/wp-content\/uploads\/2024\/04\/ERRATA-FITXES-A40-FR.pdf\"><span style=\"color: orange;\"> &gt;&gt;&gt; Link<\/span><\/a><br \/>A37 &#8211; Errata Tablas Operaci\u00f3n Backbone. Spanish version.JPG File.<a href=\"https:\/\/alealudopress.com\/wp-content\/uploads\/2021\/09\/Tablas-BackboneA37-OKSP-scaled.jpg\"><span style=\"color: orange;\"> &gt;&gt;&gt; Link<\/span><\/a><br \/>A35 &#8211; Errata Counters Italia 44. JPG File.<a href=\"https:\/\/alealudopress.com\/wp-content\/uploads\/2020\/10\/GER-42J-dors.jpg\"><span style=\"color: orange;\"> &gt;&gt;&gt; Link<\/span><\/a><br \/>A33 &#8211; Errata Counters SoE. JPG File.<a href=\"https:\/\/alealudopress.com\/wp-content\/uploads\/2020\/08\/A33-Errata-counters-LSA.jpg\"><span style=\"color: orange;\"> &gt;&gt;&gt; Link<\/span><\/a><br \/>A33 &#8211; DNPS Scenario Counters. PDF File.<a href=\"https:\/\/alealudopress.com\/wp-content\/uploads\/2020\/08\/Nordlingen-Swedish-units-Alea-33.pdf\"><span style=\"color: orange;\"> &gt;&gt;&gt; Link<\/span><\/a><br \/>A32 &#8211; DNPS Scenario Map. PDF File.<a href=\"https:\/\/alealudopress.com\/wp-content\/uploads\/2020\/08\/ostiamap-ALEA-32-.pdf\"><span style=\"color: orange;\"> &gt;&gt;&gt; Link<\/span><\/a><br \/>A31 &#8211; Errata Counters Kursk I. JPG File.<a href=\"https:\/\/alealudopress.com\/wp-content\/uploads\/2020\/08\/A31-Errata-counters-Kursk.jpg\"><span style=\"color: orange;\"> &gt;&gt;&gt; Link<\/span><\/a><\/p>\n<p>\u00a0<\/p>\n<h3><b>Adendas \/ Addenda<\/b><\/h3>\nA42 &#8211; Chiclana-Barrosa, 1811. Hoja de ayuda &#8211; Tablas PDF file &amp; Spanish. <span style=\"color: #ff9900;\"><a style=\"color: #ff9900;\" href=\"https:\/\/alealudopress.com\/wp-content\/uploads\/2025\/04\/MapTablas-Barrosa2024.pdf\">&gt;&gt;&gt; Link<\/a><\/span><br \/>A40 &#8211; Bail\u00e9n 1808. La Sombra del \u00c1guila, actualizaci\u00f3n reglas. PDF File Spanish.<span style=\"color: #ff9900;\"><a style=\"color: #ff9900;\" href=\"https:\/\/alealudopress.com\/wp-content\/uploads\/2024\/03\/Maqueta-Alea40-R-SPweb.pdf\">&gt;&gt;&gt; Link<\/a><\/span><br \/>A40 &#8211; Bail\u00e9n 1808. La Sombra del \u00c1guila, actualizaci\u00f3n tablas. PDF File Spanish.<span style=\"color: #ff9900;\"><a style=\"color: #ff9900;\" href=\"https:\/\/alealudopress.com\/wp-content\/uploads\/2024\/03\/MapTablas-Bailen-R2024.pdf\">&gt;&gt;&gt; Link<\/a><\/span><br \/>A40 &#8211; Bail\u00e9n 1808. Additional markers &#8211; Marcadores adicionales PDF <span style=\"color: #ff9900;\"><a style=\"color: #ff9900;\" href=\"https:\/\/alealudopress.com\/wp-content\/uploads\/2024\/02\/plantillaMARCADORSA40-CARA.pdf\">&gt;&gt;&gt; Link<\/a><\/span> <br \/>A40 &#8211; Bail\u00e9n 1808. Orden de Batalla espa\u00f1ol- Spanish ORBAT PDF <span style=\"color: #ff9900;\"><a style=\"color: #ff9900;\" href=\"https:\/\/alealudopress.com\/wp-content\/uploads\/2024\/03\/Diagrama-OB-Bailen-SP.pdf\">&gt;&gt;&gt; Link<\/a><\/span> <br \/>A40 &#8211; Bail\u00e9n 1808. Orden de Batalla franc\u00e9s- French ORBAT PDF <span style=\"color: #ff9900;\"><a style=\"color: #ff9900;\" href=\"https:\/\/alealudopress.com\/wp-content\/uploads\/2024\/03\/Diagrama-OB-Bailen-FR.pdf\">&gt;&gt;&gt; Link<\/a><\/span> <br \/>A38 &#8211; La Carga de los 3 Reyes &#8211; Mapa escenario 2 en alta resoluci\u00f3n \/ High-resolucion map scenario 2. JPG file.<a href=\"https:\/\/alealudopress.com\/wp-content\/uploads\/2022\/03\/A38-Fig-1-Esc2-Navas-web-scaled.jpg\"><span style=\"color: #ff9900;\"> &gt;&gt;&gt; Link<\/span><\/a><br \/>A37 &#8211; Opeeraci\u00f3n Backbone. Marcadores adicionales\/ Aditional Markers. JPG File. <a href=\"https:\/\/alealudopress.com\/wp-content\/uploads\/2021\/09\/Marcadors-adicionals-Backbone-A37.jpg\"><span style=\"color: #ff9900;\"> &gt;&gt;&gt; Link<\/span><\/a><br \/>A35 &#8211; Pavia 1525. Reglas escenario DNPS. PDF File &amp; Spanish. <a href=\"https:\/\/alealudopress.com\/wp-content\/uploads\/2020\/09\/Esc-Pavia-A35-SP.pdf\"><span style=\"color: #ff9900;\"> &gt;&gt;&gt; Link<\/span><\/a><br \/>A35 &#8211; Adwa 1896. Reglas escenario DPYR. PDF File &amp; Spanish. <a href=\"https:\/\/alealudopress.com\/wp-content\/uploads\/2020\/09\/Escenario-Adwa-A35-SP.pdf\"><span style=\"color: #ff9900;\"> &gt;&gt;&gt; Link<\/span><\/a><br \/>A35 &#8211; Italia 44. Fichas alternativas unidades de tanques Reino Unido. PDF File &amp; Spanish. <a href=\"https:\/\/alealudopress.com\/wp-content\/uploads\/2020\/11\/fichas-UK-shermanA35.jpg\"><span style=\"color: #ff9900;\"> &gt;&gt;&gt; Link<\/span><\/a><br \/>A35 &#8211; Italia 44. Regla opcional, nuevas unidades francesas. Optional Rule, new French units. PDF File ENG &amp; Spanish. <a href=\"https:\/\/alealudopress.com\/wp-content\/uploads\/2018\/08\/ROpcional-Optional-A35.pdf\"><span style=\"color: #ff9900;\"> &gt;&gt;&gt; link<\/span><\/a><br \/>A35 &#8211; Italia 44. Vassal Modul.<a href=\"http:\/\/www.vassalengine.org\/wiki\/Module:Italia_%2744\"><span style=\"color: orange;\"> &gt;&gt;&gt; Link<\/span><\/a><br \/>A33 &#8211; Trafalgar 1805. Reglas opcionales Abukir 1798. PDF File &amp; Spanish.<a href=\"https:\/\/alealudopress.com\/wp-content\/uploads\/2020\/08\/A33-Reglas-opcionales-batalla-Nilo-1798.pdf\"><span style=\"color: orange;\"> &gt;&gt;&gt; Link<\/span><\/a><br \/>SW1 &#8211; SoE Sombra del \u00c1guila Vol I. Vassal Modul.<a href=\"http:\/\/www.vassalengine.org\/wiki\/Module:La_sombra_del_aguila\"><span style=\"color: orange;\"> &gt;&gt;&gt; Link<\/span><\/a>\n<p>\u00a0<\/p>\n<h3><b>Art\u00edculos en revistas y Web \/ Magazine &amp; Web review<\/b><\/h3>\n<p>SoE &#8211; Series Bail\u00e9n 1808. Papers Wars Magazine. PDF File &amp; English.<a href=\"https:\/\/alealudopress.com\/wp-content\/uploads\/2020\/08\/PaperWars-articles-SdA.pdf\"><span style=\"color: orange;\"> &gt;&gt;&gt; Link<\/span><\/a><br \/>SoE &#8211; Series Bail\u00e9n 1808. Casus Belli Nederland. PDF File &amp; Spanish translation.<a href=\"https:\/\/alealudopress.com\/wp-content\/uploads\/2020\/08\/SP-Articulo-Baie?n-1808-\u2013-CB-holanda-Traducido-del-Neerlande?s.pdf\"><span style=\"color: orange;\"> &gt;&gt;&gt; Link<\/span><\/a><br \/>A30 &#8211; DNPS Los Tercios. Frog of War. PDF File &amp; French.<a href=\"https:\/\/alealudopress.com\/wp-content\/uploads\/2020\/08\/FROGOFWAR-FR-comentari-Alea30.pdf\"><span style=\"color: orange;\"> &gt;&gt;&gt; Link<\/span><\/a><\/p>\n<h3>\u00a0<\/h3>\n<h3><b>Alea Ludopress. Errata Reglas FAQ \/ Alea Ludopress. Errata Rules Q&amp;A<\/b><\/h3>\n<p>Alea Ludopress<br \/>A40 &#8211; Errata texto despliegue escenario 3, Bail\u00e9n 1808 \/ Text Rules Errata. Bail\u00e9n 1808, deployment Scenario 3 rules. PDF File.<a href=\"https:\/\/alealudopress.com\/wp-content\/uploads\/2024\/03\/Errata-Alea-40-Bailen.pdf\"><span style=\"color: orange;\"> &gt;&gt;&gt; Link<\/span><\/a><br \/>A37 &#8211; Errata texto reglas \/ Text Rules Errata. P\u00e1gina \/ Page 19. Escenario para Wing Leader.PDF File.<a href=\"https:\/\/alealudopress.com\/wp-content\/uploads\/2021\/10\/Errata-escenario-WL-1-A37-scaled.jpg\"><span style=\"color: orange;\"> &gt;&gt;&gt; Link<\/span><\/a><br \/>A36 &#8211; Cuesti\u00f3n de Honor, Annual 1921. Correcci\u00f3n Hoja de Ayuda &#8211; Despliegue de unidades; Spanish translation.<a href=\"https:\/\/alealudopress.com\/wp-content\/uploads\/2021\/04\/full-ajuda-cara-OK.pdf\"><span style=\"color: orange;\"> &gt;&gt;&gt; Link<\/span><\/a><br \/>A35 &#8211; Italia 44. Erratas. Reglas y fichas.PDF File &amp; Spanish &amp; English version.<a href=\"https:\/\/alealudopress.com\/wp-content\/uploads\/2021\/10\/A35-Erratas-reglamento-Italia44.pdf\"><span style=\"color: orange;\"> &gt;&gt;&gt; Link<\/span><\/a><br \/>A35 &#8211; Italia 44. Preguntas y Respuestas. Reglas.PDF File &amp; Spanish translation.<a href=\"https:\/\/alealudopress.com\/wp-content\/uploads\/2018\/08\/ITALIA-QA-SPANISH.pdf\"><span style=\"color: orange;\"> &gt;&gt;&gt; Link<\/span><\/a><br \/>A35 &#8211; Italia 44. Q &amp; A. Rules.PDF File &amp; English translation.<a href=\"https:\/\/alealudopress.com\/wp-content\/uploads\/2018\/08\/A35-ITALIA44-QA-ENG.pdf\"><span style=\"color: orange;\"> &gt;&gt;&gt; Link<\/span><\/a><br \/>Erratas. Preguntas y Respuestas. Reglas.PDF File &amp; Spanish translation.<a href=\"https:\/\/alealudopress.com\/wp-content\/uploads\/2020\/08\/ALEA-LUDOPRESS-FAQ-SPANISH.pdf\"><span style=\"color: orange;\"> &gt;&gt;&gt; Link<\/span><\/a><br \/>Alea Ludopress Erratas. Rules Q&amp;A. Reglas.PDF File &amp; English translation.<a href=\"https:\/\/alealudopress.com\/wp-content\/uploads\/2020\/08\/ALEA-LUDOPRESS-FAQ-ENGLISH.pdf\"><span style=\"color: orange;\"> &gt;&gt;&gt; Link<\/span><\/a><\/p>\n<\/div>\n<p><!-- \/wp:paragraph --><\/p>\t\t\t\t\t\t<\/div>\n\t\t\t\t<\/div>\n\t\t\t\t\t<\/div>\n\t\t\t\t<\/div>\n\t\t<div class=\"elementor-element elementor-element-e39e3a1 e-flex e-con-boxed e-con e-parent\" data-id=\"e39e3a1\" data-element_type=\"container\">\n\t\t\t\t\t<div class=\"e-con-inner\">\n\t\t\t\t<div class=\"elementor-element elementor-element-bcaff24 elementor-widget elementor-widget-text-editor\" data-id=\"bcaff24\" data-element_type=\"widget\" data-widget_type=\"text-editor.default\">\n\t\t\t\t<div class=\"elementor-widget-container\">\n\t\t\t\t\t\t\t<p>Lorem fistrum por la gloria de mi madre esse jarl aliqua llevame al sircoo. De la pradera ullamco qu\u00e9 dise usteer est\u00e1 la cosa muy malar.<\/p>\t\t\t\t\t\t<\/div>\n\t\t\t\t<\/div>\n\t\t\t\t\t<\/div>\n\t\t\t\t<\/div>\n\t\t<div class=\"elementor-element elementor-element-e300642 e-flex e-con-boxed e-con e-parent\" data-id=\"e300642\" data-element_type=\"container\">\n\t\t\t\t\t<div class=\"e-con-inner\">\n\t\t\t\t<div class=\"elementor-element elementor-element-71f9d9a elementor-widget elementor-widget-text-editor\" data-id=\"71f9d9a\" data-element_type=\"widget\" data-widget_type=\"text-editor.default\">\n\t\t\t\t<div class=\"elementor-widget-container\">\n\t\t\t\t\t\t\t<p>Lorem fistrum por la gloria de mi madre esse jarl aliqua llevame al sircoo. De la pradera ullamco qu\u00e9 dise usteer est\u00e1 la cosa muy malar.<\/p>\t\t\t\t\t\t<\/div>\n\t\t\t\t<\/div>\n\t\t\t\t\t<\/div>\n\t\t\t\t<\/div>\n\t\t\t\t<\/div>\n\t\t","protected":false},"excerpt":{"rendered":"<p>Traducci\u00f3n de reglas \/ Rules translations A43 &#8211; Brunete 1937. Rules PDF file &amp; English translation. &gt;&gt;&gt; LinkA43 &#8211; Brunete 1937. Help sheet &#8211; Tables PDF file &amp; English translation. &gt;&gt;&gt; LinkA42 &#8211; Chiclana-Barrosa, 1811. Rules PDF file &amp; English translation. &gt;&gt;&gt; LinkA42 &#8211; Chiclana-Barrosa,&#8230;<\/p>\n","protected":false},"author":1,"featured_media":0,"parent":0,"menu_order":0,"comment_status":"closed","ping_status":"closed","template":"","meta":[],"_links":{"self":[{"href":"https:\/\/alealudopress.com\/index.php\/wp-json\/wp\/v2\/pages\/6695"}],"collection":[{"href":"https:\/\/alealudopress.com\/index.php\/wp-json\/wp\/v2\/pages"}],"about":[{"href":"https:\/\/alealudopress.com\/index.php\/wp-json\/wp\/v2\/types\/page"}],"author":[{"embeddable":true,"href":"https:\/\/alealudopress.com\/index.php\/wp-json\/wp\/v2\/users\/1"}],"replies":[{"embeddable":true,"href":"https:\/\/alealudopress.com\/index.php\/wp-json\/wp\/v2\/comments?post=6695"}],"version-history":[{"count":220,"href":"https:\/\/alealudopress.com\/index.php\/wp-json\/wp\/v2\/pages\/6695\/revisions"}],"predecessor-version":[{"id":7747,"href":"https:\/\/alealudopress.com\/index.php\/wp-json\/wp\/v2\/pages\/6695\/revisions\/7747"}],"wp:attachment":[{"href":"https:\/\/alealudopress.com\/index.php\/wp-json\/wp\/v2\/media?parent=6695"}],"curies":[{"name":"wp","href":"https:\/\/api.w.org\/{rel}","templated":true}]}}