{"id":7602,"date":"2024-07-10T12:00:41","date_gmt":"2024-07-10T12:00:41","guid":{"rendered":"https:\/\/alealudopress.com\/?post_type=product&#038;p=7602"},"modified":"2024-07-23T08:23:56","modified_gmt":"2024-07-23T08:23:56","slug":"https-alealudopress-com-wp-content-uploads-2024-07-portada-a41-1-jpg","status":"publish","type":"product","link":"https:\/\/alealudopress.com\/index.php\/product\/https-alealudopress-com-wp-content-uploads-2024-07-portada-a41-1-jpg\/","title":{"rendered":"Revista ALEA #41<br><center><img src=\"https:\/\/alealudopress.com\/wp-content\/uploads\/2020\/08\/flag-32.jpg\"><font color=\"red\">Main game rules English translation available<\/font><\/center>"},"content":{"rendered":"<p><strong>ART\u00cdCULOS DE CONTENIDO HIST\u00d3RICO<\/strong><br \/>\nP\u00e1g. 4. Asalto al Jap\u00f3n ancestral. Operaci\u00f3n Olympic, Noviembre 1945.<br \/>\nP\u00e1g. 11. Las Navas de Tolosa. Contexto hist\u00f3rico.<br \/>\nP\u00e1g. 39. Las flotillas de Creta en la Operaci\u00f3n Merkur.<br \/>\nP\u00e1g. 42. La batalla de Mons Graupis, 83 AC.<\/p>\n<p><strong>OTROS ART\u00cdCULOS<\/strong><br \/>\nP\u00e1g. 13. 1212, Las Navas de Tolosa. Reglas juego en solitario.<br \/>\nP\u00e1g. 16. Stalingrado.Escenario exclusivo para Downfall of the Third Reich.<br \/>\nP\u00e1g. 18. 1917. Escenario exclusivo para Downfall of Empires.<br \/>\nP\u00e1g. 34. Bail\u00e9n 1808. \u00d3rdenes de batalla adaptados para el juego.<br \/>\nP\u00e1g. 36. Vivir como un Rey.\u00bbEl Rey Planeta\u00bb. An\u00e1lisis.<br \/>\nP\u00e1g. 41. Flotillas de Creta. Reglas opcionales de refuerzos y nuevas fichas opcionales troqueladas.<br \/>\nP\u00e1g. 43. Mons Graupius, 83 AC. Escenario para Onus!.<br \/>\nP\u00e1g. 44. Stossgruppe en Lorena. Francia, Septeiembre 1944. Escenario para figuras. Per\u00edodo 2\u00aaGM.<br \/>\nP\u00e1g. 46. Mourir pour la Patrie. Francia 1944. Escenario ASL.<br \/>\nRaketenwerfer 43. Regla y nuevas fichas para ASL.<br \/>\nP\u00e1g. 48. La Haza\u00f1a del Glorioso. Minijuego completo. Reglamento, mapa y fichas. MiniWars &#8211; Nav\u00edos de L\u00ednea.<\/p>\n<p><strong>ENGLISH TRANSLATION, MAIN GAME RULES &amp; AVAILABLE<\/strong><\/p>\n","protected":false},"excerpt":{"rendered":"<p>Tama\u00f1o: 205 x 290 mm.<br \/>\nP\u00e1ginas: 48 a color m\u00e1s 1 en la parte central con elementos del juego encartado.<\/p>\n<p><strong>JUEGO CENTRAL<\/strong><br \/>\nJuego encartado: Asalto al Jap\u00f3n ancestral. Ky\u00fcsh\u00fc 1945<br \/>\nOperacional. Frente del Pac\u00edfico.<br \/>\nPeriodo hist\u00f3rico: 2\u00aa Guerra Mundial.<br \/>\n13 p\u00e1ginas de reglas, ejemplos y notas de dise\u00f1o.<br \/>\n1 mapa de la batalla y tablas de tama\u00f1o 465 x 405 mm.<br \/>\n186 fichas y marcadores troquelados<\/p>\n","protected":false},"featured_media":7598,"template":"","meta":[],"product_cat":[87],"product_tag":[135,93,136],"etheme_brands":{"errors":{"invalid_taxonomy":["Taxonom\u00eda no v\u00e1lida."]},"error_data":[]},"_links":{"self":[{"href":"https:\/\/alealudopress.com\/index.php\/wp-json\/wp\/v2\/product\/7602"}],"collection":[{"href":"https:\/\/alealudopress.com\/index.php\/wp-json\/wp\/v2\/product"}],"about":[{"href":"https:\/\/alealudopress.com\/index.php\/wp-json\/wp\/v2\/types\/product"}],"version-history":[{"count":30,"href":"https:\/\/alealudopress.com\/index.php\/wp-json\/wp\/v2\/product\/7602\/revisions"}],"predecessor-version":[{"id":7604,"href":"https:\/\/alealudopress.com\/index.php\/wp-json\/wp\/v2\/product\/7602\/revisions\/7604"}],"wp:featuredmedia":[{"embeddable":true,"href":"https:\/\/alealudopress.com\/index.php\/wp-json\/wp\/v2\/media\/7598"}],"wp:attachment":[{"href":"https:\/\/alealudopress.com\/index.php\/wp-json\/wp\/v2\/media?parent=7602"}],"wp:term":[{"taxonomy":"product_cat","embeddable":true,"href":"https:\/\/alealudopress.com\/index.php\/wp-json\/wp\/v2\/product_cat?post=7602"},{"taxonomy":"product_tag","embeddable":true,"href":"https:\/\/alealudopress.com\/index.php\/wp-json\/wp\/v2\/product_tag?post=7602"}],"curies":[{"name":"wp","href":"https:\/\/api.w.org\/{rel}","templated":true}]}}