{"id":7651,"date":"2025-04-10T19:25:16","date_gmt":"2025-04-10T19:25:16","guid":{"rendered":"https:\/\/alealudopress.com\/?post_type=product&#038;p=7651"},"modified":"2025-05-12T10:29:02","modified_gmt":"2025-05-12T10:29:02","slug":"revista-alea-42main-game-rules-english-translation-in-progress","status":"publish","type":"product","link":"https:\/\/alealudopress.com\/index.php\/product\/revista-alea-42main-game-rules-english-translation-in-progress\/","title":{"rendered":"Revista ALEA #42<br><center><img src=\"https:\/\/alealudopress.com\/wp-content\/uploads\/2020\/08\/flag-32.jpg\"><font color=\"red\">Main game rules English translation available<\/font><\/center>"},"content":{"rendered":"<p><strong>ART\u00cdCULOS DE CONTENIDO HIST\u00d3RICO<\/strong><br \/>\nP\u00e1g. 4. Desencuentros entre aliados. La campa\u00f1a de Chiclana-Barrosa, Marzo 1811.<br \/>\nP\u00e1g. 36. La batalla de Ilerda, 49 AC.<\/p>\n<p><strong>OTROS ART\u00cdCULOS<\/strong><br \/>\nP\u00e1g. 8. Wargames en el Sol Naciente, reportaje.<br \/>\nP\u00e1g. 10. Wargames en Zhongguo. China dos realidades, entrevista.<br \/>\nP\u00e1g. 12. 12 Hours of Maleme. Reglas y fichas torqueladas opcionales.<br \/>\nP\u00e1g. 14. Nothing Left to Bomb. Reglas y fichas troqueladas opcionales.<br \/>\nP\u00e1g. 16. Tempus Fugit. Variante oficial para Tetrarchia.<br \/>\nP\u00e1g. 35. Italia 1944 (Alea #35). Escenario con el despliegue hist\u00f3rico.<br \/>\nP\u00e1g. 36. Ilerda, 49 AC. Escenario para Onus!. Triumviratus.<br \/>\nP\u00e1g. 38. Campa\u00f1a gen\u00e9rica: Kursk. Escenarios para Tactical Commander.<br \/>\nP\u00e1g. 40. Duelo acorazado. Gazala, Libia, mayo de 1942. Escenario Panzer North Africa.<br \/>\nP\u00e1g. 42. Bir Hackeim. La ca\u00edda del punto 186. Gazala, Libia junio 1942. Escenario Panzer North Africa.<br \/>\nP\u00e1g. 47. Cresta de P\u00e9riers. Francia, junio de1944. Escenario ASL.<br \/>\nP\u00e1g. 48. Despertar de primavera, el fin de las Waffen SS. Hungr\u00eda 1945. Escenario figuras 2\u00baGM.<br \/>\nP\u00e1g. 50. Batallas Napole\u00f3nicas en la Pen\u00ednsula. Presentaci\u00f3n. Plancha de fichas.<\/p>\n<p><strong>ENGLISH TRANSLATION, MAIN GAME RULES &amp; AVAILABLE<\/strong><\/p>\n","protected":false},"excerpt":{"rendered":"<p>Tama\u00f1o: 205 x 290 mm.<br \/>\nP\u00e1ginas: 48 a color m\u00e1s 1 en la parte central con elementos del juego encartado.<\/p>\n<p><strong>JUEGO CENTRAL<\/strong><br \/>\nJuego encartado: Chiclana-Barroaa 1811.<br \/>\nSerie La Sombra del \u00c1guila<br \/>\nGran t\u00e1ctico. Guerras Napole\u00f3nicas.<br \/>\nPeriodo hist\u00f3rico: Guerra de la Independencia.<br \/>\n16 p\u00e1ginas de reglas, ejemplos y notas de dise\u00f1o.<br \/>\n1 mapa de la batalla y tablas de tama\u00f1o 620 x 410 mm.<br \/>\n209 fichas y marcadores troquelados<\/p>\n","protected":false},"featured_media":7645,"template":"","meta":[],"product_cat":[87],"product_tag":[97,101],"etheme_brands":{"errors":{"invalid_taxonomy":["Taxonom\u00eda no v\u00e1lida."]},"error_data":[]},"_links":{"self":[{"href":"https:\/\/alealudopress.com\/index.php\/wp-json\/wp\/v2\/product\/7651"}],"collection":[{"href":"https:\/\/alealudopress.com\/index.php\/wp-json\/wp\/v2\/product"}],"about":[{"href":"https:\/\/alealudopress.com\/index.php\/wp-json\/wp\/v2\/types\/product"}],"version-history":[{"count":14,"href":"https:\/\/alealudopress.com\/index.php\/wp-json\/wp\/v2\/product\/7651\/revisions"}],"predecessor-version":[{"id":7684,"href":"https:\/\/alealudopress.com\/index.php\/wp-json\/wp\/v2\/product\/7651\/revisions\/7684"}],"wp:featuredmedia":[{"embeddable":true,"href":"https:\/\/alealudopress.com\/index.php\/wp-json\/wp\/v2\/media\/7645"}],"wp:attachment":[{"href":"https:\/\/alealudopress.com\/index.php\/wp-json\/wp\/v2\/media?parent=7651"}],"wp:term":[{"taxonomy":"product_cat","embeddable":true,"href":"https:\/\/alealudopress.com\/index.php\/wp-json\/wp\/v2\/product_cat?post=7651"},{"taxonomy":"product_tag","embeddable":true,"href":"https:\/\/alealudopress.com\/index.php\/wp-json\/wp\/v2\/product_tag?post=7651"}],"curies":[{"name":"wp","href":"https:\/\/api.w.org\/{rel}","templated":true}]}}